{"id":1017,"date":"2025-04-02T15:52:40","date_gmt":"2025-04-02T13:52:40","guid":{"rendered":"https:\/\/www.campingjard.fr\/?page_id=1017"},"modified":"2025-04-22T17:02:59","modified_gmt":"2025-04-22T15:02:59","slug":"puy-du-fou","status":"publish","type":"page","link":"https:\/\/www.campingjard.fr\/en\/puy-du-fou\/","title":{"rendered":"Puy du Fou"},"content":{"rendered":"<div class=\"wp-block-stackable-text stk-block-text stk-block stk-d6b2593\" data-block-id=\"d6b2593\"><style>.stk-d6b2593 {margin-right:10% !important;margin-left:10% !important;}.stk-d6b2593 .stk-block-text__text{font-size:16px !important;}@media screen and (max-width: 1023px){.stk-d6b2593 .stk-block-text__text{font-size:16px !important;}}<\/style><p class=\"stk-block-text__text translation-block\"><strong>The great Puy du Fou theme park<\/strong> has been voted \"best theme park in the world\", \"France's favourite park for 3 years\", \"best park in the world\" and \"best park in Europe\" !!!!!! <br><br>High praise for this attraction next to our Campsite in Jard-sur-Mer. Of course, you shouldn't miss a day at the Puy du Fou during your stay at our La Pomme de Pin campsite. You can get there by car or coach from Jard. It's a short hour's drive but it's a day out not to be missed. <br><br>There are more than 18 shows on offer on the same site. For the 2023 season, that's 2.5 million visitors! The Facebook page has 1.2 million \"likes\"!<\/p><\/div>\n\n\n\n<div class=\"wp-block-stackable-columns alignfull stk-block-columns stk-block stk-12c4579 stk-block-background stk--has-background-overlay\" data-block-id=\"12c4579\"><style>.stk-12c4579 .stk--block-align-12c4579{align-items:center !important;}.stk-12c4579 {background-color:#00000000 !important;background-image:url(https:\/\/www.campingjard.fr\/wp-content\/uploads\/2025\/04\/14_sep_c-2.png) !important;background-position:bottom right !important;background-repeat:no-repeat !important;background-size:20% !important;margin-right:10% !important;margin-left:10% !important;}.stk-12c4579:before{background-color:#00000000 !important;opacity:0.5 !important;}.stk-12c4579-column{--stk-column-gap:13px !important;}<\/style><div class=\"stk-row stk-inner-blocks stk--block-align-12c4579 stk-block-content stk-content-align stk-12c4579-column alignwide\">\n<div class=\"wp-block-stackable-column stk-block-column stk-column stk-block stk-876d4e6\" data-v=\"4\" data-block-id=\"876d4e6\"><div class=\"stk-column-wrapper stk-block-column__content stk-container stk-876d4e6-container stk--no-background stk--no-padding\"><div class=\"stk-block-content stk-inner-blocks stk-876d4e6-inner-blocks\">\n<div class=\"wp-block-stackable-image stk-block-image stk-block stk-968c35d\" data-block-id=\"968c35d\"><style>.stk-968c35d {border-top-left-radius:31px !important;border-top-right-radius:31px !important;border-bottom-right-radius:0px !important;border-bottom-left-radius:0px !important;overflow:hidden !important;}.stk-968c35d .stk-img-wrapper{width:100% !important;height:426px !important;--stk-gradient-overlay:1 !important;}.stk-968c35d .stk-img-wrapper::after{background-image:linear-gradient(3deg,rgb(2,119,162) 0%,rgba(2,120,163,0) 41%) !important;}@media screen and (max-width: 767px){.stk-968c35d .stk-img-wrapper{height:300px !important;}}<\/style><figure><span class=\"stk-img-wrapper stk-image--shape-stretch\"><img alt=\"puy du fou in vend\u00e9e\" loading=\"lazy\" decoding=\"async\" class=\"stk-img wp-image-1019\" src=\"https:\/\/www.campingjard.fr\/wp-content\/uploads\/2025\/04\/puydufou2.jpg\" width=\"1181\" height=\"786\" srcset=\"https:\/\/www.campingjard.fr\/wp-content\/uploads\/2025\/04\/puydufou2.jpg 1181w, https:\/\/www.campingjard.fr\/wp-content\/uploads\/2025\/04\/puydufou2-300x200.jpg 300w, https:\/\/www.campingjard.fr\/wp-content\/uploads\/2025\/04\/puydufou2-1024x682.jpg 1024w, https:\/\/www.campingjard.fr\/wp-content\/uploads\/2025\/04\/puydufou2-768x511.jpg 768w, https:\/\/www.campingjard.fr\/wp-content\/uploads\/2025\/04\/puydufou2-500x333.jpg 500w, https:\/\/www.campingjard.fr\/wp-content\/uploads\/2025\/04\/puydufou2-800x532.jpg 800w\" sizes=\"auto, (max-width: 1181px) 100vw, 1181px\" \/><\/span><\/figure><\/div>\n<\/div><\/div><\/div>\n\n\n\n<div class=\"wp-block-stackable-column stk-block-column stk-column stk-block stk-b5fb555\" data-v=\"4\" data-block-id=\"b5fb555\"><div class=\"stk-column-wrapper stk-block-column__content stk-container stk-b5fb555-container stk--no-background stk--no-padding\"><div class=\"stk-block-content stk-inner-blocks stk-b5fb555-inner-blocks\">\n<div class=\"wp-block-stackable-text stk-block-text stk-block stk-83daf39\" data-block-id=\"83daf39\"><style>.stk-83daf39 .stk-block-text__text{font-size:16px !important;}@media screen and (max-width: 1023px){.stk-83daf39 .stk-block-text__text{font-size:16px !important;}}<\/style><p class=\"stk-block-text__text translation-block\">Check out the reviews on Tripadvisor: they're all superlatives and full of advice on how to make the most of your visit to Puy du Fou. Some people go every year because each year has its novelty and we must admit that in one day you can not do everything. <br><br>You can't talk about the Puy du Fou without mentioning the Cinesc\u00e9nie: it's a night-time show on a 23-hectare stage. Every year, 1,200 actors perform on this giant stage, with almost 24,000 costumes at their disposal... It's another superlative show: the biggest night-time spectacle in the world, now an unmissable myth seen by over 11 million spectators. <br><br>Every year there are new 3D projections and new sets and special effects.<\/p><\/div>\n\n\n\n<h2 class=\"wp-block-heading has-large-font-size\" data-block-type=\"core\"><strong>The Cinesc\u00e9nie is a feast for the eyes!<\/strong><\/h2>\n\n\n\n<div class=\"wp-block-stackable-text stk-block-text stk-block stk-ebfdf04\" data-block-id=\"ebfdf04\"><style>.stk-ebfdf04 .stk-block-text__text{font-size:16px !important;}@media screen and (max-width: 1023px){.stk-ebfdf04 .stk-block-text__text{font-size:16px !important;}}<\/style><p class=\"stk-block-text__text\">You can now book your ticket for the Puy du Fou at the reception of our La Pomme de Pin campsite located near the Puy du Fou, in Jard sur Mer.<\/p><\/div>\n<\/div><\/div><\/div>\n<\/div><\/div>\n\n\n<div class=\"wp-block-visual-portfolio alignfull\">\n<div class=\"vp-portfolio vp-uid-96116a05 vp-id-Z2sq0Ac\"\n\tdata-vp-layout=\"tiles\" data-vp-content-source=\"images\" data-vp-items-style=\"default\" data-vp-items-click-action=\"url\" data-vp-items-gap=\"15\" data-vp-items-gap-vertical=\"\" data-vp-pagination=\"load-more\" data-vp-next-page-url=\"\" data-vp-tiles-type=\"4|1,1|\" >\n\t<div class=\"vp-portfolio__preloader-wrap\">\n\t\t<div class=\"vp-portfolio__preloader\">\n\t\t\t<img decoding=\"async\" loading=\"eager\" src=\"https:\/\/www.campingjard.fr\/wp-content\/plugins\/visual-portfolio\/assets\/images\/logo-dark.svg\" alt=\"Visual Portfolio, Posts &amp; Image Gallery for WordPress\" width=\"20\" height=\"20\" data-skip-lazy>\n\t\t<\/div>\n\t<\/div>\n\t\t<div class=\"vp-portfolio__items-wrap\">\n\t\t\t\n<div class=\"vp-portfolio__items vp-portfolio__items-style-default vp-portfolio__items-show-overlay-hover\">\n\n\t\t<div\t\tclass=\"vp-portfolio__item-wrap vp-portfolio__item-uid-91f97971\" data-vp-filter=\"\" \t\t>\n\t\t\t\t\t\t\t\t\t<figure class=\"vp-portfolio__item\">\n\t\t\t\t\n<div class=\"vp-portfolio__item-img-wrap\">\n\t<div class=\"vp-portfolio__item-img\">\n\t\t\t<a\n\t\thref=\"https:\/\/www.campingjard.fr\/wp-content\/uploads\/2025\/04\/bal-des-oiseaux-fantomes-puy-du-fou-bof03.jpg\"\n\t\taria-label=\"Open image\" \t>\n\t\n\t\t<noscript><img loading=\"lazy\" decoding=\"async\" width=\"1024\" height=\"460\" data-skip-lazy src=\"https:\/\/www.campingjard.fr\/wp-content\/uploads\/2025\/04\/bal-des-oiseaux-fantomes-puy-du-fou-bof03.jpg\" class=\"wp-image-1020\" alt=\"puy du fou bird ball\" srcset=\"https:\/\/www.campingjard.fr\/wp-content\/uploads\/2025\/04\/bal-des-oiseaux-fantomes-puy-du-fou-bof03.jpg 1024w, https:\/\/www.campingjard.fr\/wp-content\/uploads\/2025\/04\/bal-des-oiseaux-fantomes-puy-du-fou-bof03-300x135.jpg 300w, https:\/\/www.campingjard.fr\/wp-content\/uploads\/2025\/04\/bal-des-oiseaux-fantomes-puy-du-fou-bof03-768x345.jpg 768w, https:\/\/www.campingjard.fr\/wp-content\/uploads\/2025\/04\/bal-des-oiseaux-fantomes-puy-du-fou-bof03-500x225.jpg 500w, https:\/\/www.campingjard.fr\/wp-content\/uploads\/2025\/04\/bal-des-oiseaux-fantomes-puy-du-fou-bof03-800x359.jpg 800w\" sizes=\"auto, (max-width: 1024px) 100vw, 1024px\" \/><\/noscript><img fetchpriority=\"high\" decoding=\"async\" width=\"1024\" height=\"460\" src=\"https:\/\/www.campingjard.fr\/wp-content\/uploads\/2025\/04\/bal-des-oiseaux-fantomes-puy-du-fou-bof03.jpg\" class=\"wp-image-1020 vp-lazyload\" alt=\"puy du fou bird ball\" srcset=\"data:image\/svg+xml;base64,PHN2ZyB3aWR0aD0iMTAyNCIgaGVpZ2h0PSI0NjAiIHZpZXdCb3g9IjAgMCAxMDI0IDQ2MCIgZmlsbD0ibm9uZSIgeG1sbnM9Imh0dHA6Ly93d3cudzMub3JnLzIwMDAvc3ZnIj48L3N2Zz4=\" data-src=\"https:\/\/www.campingjard.fr\/wp-content\/uploads\/2025\/04\/bal-des-oiseaux-fantomes-puy-du-fou-bof03.jpg\" data-srcset=\"https:\/\/www.campingjard.fr\/wp-content\/uploads\/2025\/04\/bal-des-oiseaux-fantomes-puy-du-fou-bof03.jpg 1024w, https:\/\/www.campingjard.fr\/wp-content\/uploads\/2025\/04\/bal-des-oiseaux-fantomes-puy-du-fou-bof03-300x135.jpg 300w, https:\/\/www.campingjard.fr\/wp-content\/uploads\/2025\/04\/bal-des-oiseaux-fantomes-puy-du-fou-bof03-768x345.jpg 768w, https:\/\/www.campingjard.fr\/wp-content\/uploads\/2025\/04\/bal-des-oiseaux-fantomes-puy-du-fou-bof03-500x225.jpg 500w, https:\/\/www.campingjard.fr\/wp-content\/uploads\/2025\/04\/bal-des-oiseaux-fantomes-puy-du-fou-bof03-800x359.jpg 800w\" data-sizes=\"auto\" loading=\"eager\">\n\t\t<div class=\"vp-portfolio__item-overlay\">\n\t\t\t\t\t<\/div>\n\n\t\t<\/a>\t<\/div>\n<\/div>\n\n\t\t\t<\/figure>\n\t\t\t\t\t<\/div>\n\t\t\n\t\t<div\t\tclass=\"vp-portfolio__item-wrap vp-portfolio__item-uid-db9e6057\" data-vp-filter=\"\" \t\t>\n\t\t\t\t\t\t\t\t\t<figure class=\"vp-portfolio__item\">\n\t\t\t\t\n<div class=\"vp-portfolio__item-img-wrap\">\n\t<div class=\"vp-portfolio__item-img\">\n\t\t\t<a\n\t\thref=\"https:\/\/www.campingjard.fr\/wp-content\/uploads\/2025\/04\/bal-des-oiseaux-fantomes-puy-du-fou-bof09.jpg\"\n\t\taria-label=\"Open image\" \t>\n\t\n\t\t<noscript><img loading=\"lazy\" decoding=\"async\" width=\"1024\" height=\"681\" data-skip-lazy src=\"https:\/\/www.campingjard.fr\/wp-content\/uploads\/2025\/04\/bal-des-oiseaux-fantomes-puy-du-fou-bof09.jpg\" class=\"wp-image-1021\" alt=\"puy du fou in vend\u00e9e\" srcset=\"https:\/\/www.campingjard.fr\/wp-content\/uploads\/2025\/04\/bal-des-oiseaux-fantomes-puy-du-fou-bof09.jpg 1024w, https:\/\/www.campingjard.fr\/wp-content\/uploads\/2025\/04\/bal-des-oiseaux-fantomes-puy-du-fou-bof09-300x200.jpg 300w, https:\/\/www.campingjard.fr\/wp-content\/uploads\/2025\/04\/bal-des-oiseaux-fantomes-puy-du-fou-bof09-768x511.jpg 768w, https:\/\/www.campingjard.fr\/wp-content\/uploads\/2025\/04\/bal-des-oiseaux-fantomes-puy-du-fou-bof09-500x333.jpg 500w, https:\/\/www.campingjard.fr\/wp-content\/uploads\/2025\/04\/bal-des-oiseaux-fantomes-puy-du-fou-bof09-800x532.jpg 800w\" sizes=\"auto, (max-width: 1024px) 100vw, 1024px\" \/><\/noscript><img decoding=\"async\" width=\"1024\" height=\"681\" src=\"https:\/\/www.campingjard.fr\/wp-content\/uploads\/2025\/04\/bal-des-oiseaux-fantomes-puy-du-fou-bof09.jpg\" class=\"wp-image-1021 vp-lazyload\" alt=\"puy du fou in vend\u00e9e\" srcset=\"data:image\/svg+xml;base64,PHN2ZyB3aWR0aD0iMTAyNCIgaGVpZ2h0PSI2ODEiIHZpZXdCb3g9IjAgMCAxMDI0IDY4MSIgZmlsbD0ibm9uZSIgeG1sbnM9Imh0dHA6Ly93d3cudzMub3JnLzIwMDAvc3ZnIj48L3N2Zz4=\" data-src=\"https:\/\/www.campingjard.fr\/wp-content\/uploads\/2025\/04\/bal-des-oiseaux-fantomes-puy-du-fou-bof09.jpg\" data-srcset=\"https:\/\/www.campingjard.fr\/wp-content\/uploads\/2025\/04\/bal-des-oiseaux-fantomes-puy-du-fou-bof09.jpg 1024w, https:\/\/www.campingjard.fr\/wp-content\/uploads\/2025\/04\/bal-des-oiseaux-fantomes-puy-du-fou-bof09-300x200.jpg 300w, https:\/\/www.campingjard.fr\/wp-content\/uploads\/2025\/04\/bal-des-oiseaux-fantomes-puy-du-fou-bof09-768x511.jpg 768w, https:\/\/www.campingjard.fr\/wp-content\/uploads\/2025\/04\/bal-des-oiseaux-fantomes-puy-du-fou-bof09-500x333.jpg 500w, https:\/\/www.campingjard.fr\/wp-content\/uploads\/2025\/04\/bal-des-oiseaux-fantomes-puy-du-fou-bof09-800x532.jpg 800w\" data-sizes=\"auto\" loading=\"eager\">\n\t\t<div class=\"vp-portfolio__item-overlay\">\n\t\t\t\t\t<\/div>\n\n\t\t<\/a>\t<\/div>\n<\/div>\n\n\t\t\t<\/figure>\n\t\t\t\t\t<\/div>\n\t\t\n\t\t<div\t\tclass=\"vp-portfolio__item-wrap vp-portfolio__item-uid-05374b3d\" data-vp-filter=\"\" \t\t>\n\t\t\t\t\t\t\t\t\t<figure class=\"vp-portfolio__item\">\n\t\t\t\t\n<div class=\"vp-portfolio__item-img-wrap\">\n\t<div class=\"vp-portfolio__item-img\">\n\t\t\t<a\n\t\thref=\"https:\/\/www.campingjard.fr\/wp-content\/uploads\/2025\/04\/bal-des-oiseaux-fantomes-puy-du-fou-bof02.jpg\"\n\t\taria-label=\"Open image\" \t>\n\t\n\t\t<noscript><img loading=\"lazy\" decoding=\"async\" width=\"1024\" height=\"682\" data-skip-lazy src=\"https:\/\/www.campingjard.fr\/wp-content\/uploads\/2025\/04\/bal-des-oiseaux-fantomes-puy-du-fou-bof02.jpg\" class=\"wp-image-1022\" alt=\"puy du fou in vend\u00e9e\" srcset=\"https:\/\/www.campingjard.fr\/wp-content\/uploads\/2025\/04\/bal-des-oiseaux-fantomes-puy-du-fou-bof02.jpg 1024w, https:\/\/www.campingjard.fr\/wp-content\/uploads\/2025\/04\/bal-des-oiseaux-fantomes-puy-du-fou-bof02-300x200.jpg 300w, https:\/\/www.campingjard.fr\/wp-content\/uploads\/2025\/04\/bal-des-oiseaux-fantomes-puy-du-fou-bof02-768x512.jpg 768w, https:\/\/www.campingjard.fr\/wp-content\/uploads\/2025\/04\/bal-des-oiseaux-fantomes-puy-du-fou-bof02-500x333.jpg 500w, https:\/\/www.campingjard.fr\/wp-content\/uploads\/2025\/04\/bal-des-oiseaux-fantomes-puy-du-fou-bof02-800x533.jpg 800w\" sizes=\"auto, (max-width: 1024px) 100vw, 1024px\" \/><\/noscript><img decoding=\"async\" width=\"1024\" height=\"682\" src=\"https:\/\/www.campingjard.fr\/wp-content\/uploads\/2025\/04\/bal-des-oiseaux-fantomes-puy-du-fou-bof02.jpg\" class=\"wp-image-1022 vp-lazyload\" alt=\"puy du fou in vend\u00e9e\" srcset=\"data:image\/svg+xml;base64,PHN2ZyB3aWR0aD0iMTAyNCIgaGVpZ2h0PSI2ODIiIHZpZXdCb3g9IjAgMCAxMDI0IDY4MiIgZmlsbD0ibm9uZSIgeG1sbnM9Imh0dHA6Ly93d3cudzMub3JnLzIwMDAvc3ZnIj48L3N2Zz4=\" data-src=\"https:\/\/www.campingjard.fr\/wp-content\/uploads\/2025\/04\/bal-des-oiseaux-fantomes-puy-du-fou-bof02.jpg\" data-srcset=\"https:\/\/www.campingjard.fr\/wp-content\/uploads\/2025\/04\/bal-des-oiseaux-fantomes-puy-du-fou-bof02.jpg 1024w, https:\/\/www.campingjard.fr\/wp-content\/uploads\/2025\/04\/bal-des-oiseaux-fantomes-puy-du-fou-bof02-300x200.jpg 300w, https:\/\/www.campingjard.fr\/wp-content\/uploads\/2025\/04\/bal-des-oiseaux-fantomes-puy-du-fou-bof02-768x512.jpg 768w, https:\/\/www.campingjard.fr\/wp-content\/uploads\/2025\/04\/bal-des-oiseaux-fantomes-puy-du-fou-bof02-500x333.jpg 500w, https:\/\/www.campingjard.fr\/wp-content\/uploads\/2025\/04\/bal-des-oiseaux-fantomes-puy-du-fou-bof02-800x533.jpg 800w\" data-sizes=\"auto\" loading=\"eager\">\n\t\t<div class=\"vp-portfolio__item-overlay\">\n\t\t\t\t\t<\/div>\n\n\t\t<\/a>\t<\/div>\n<\/div>\n\n\t\t\t<\/figure>\n\t\t\t\t\t<\/div>\n\t\t\n\t\t<div\t\tclass=\"vp-portfolio__item-wrap vp-portfolio__item-uid-4f50521b\" data-vp-filter=\"\" \t\t>\n\t\t\t\t\t\t\t\t\t<figure class=\"vp-portfolio__item\">\n\t\t\t\t\n<div class=\"vp-portfolio__item-img-wrap\">\n\t<div class=\"vp-portfolio__item-img\">\n\t\t\t<a\n\t\thref=\"https:\/\/www.campingjard.fr\/wp-content\/uploads\/2025\/04\/La-cinescenie-puy-du-fou-2.jpg\"\n\t\taria-label=\"Open image\" \t>\n\t\n\t\t<noscript><img loading=\"lazy\" decoding=\"async\" width=\"990\" height=\"660\" data-skip-lazy src=\"https:\/\/www.campingjard.fr\/wp-content\/uploads\/2025\/04\/La-cinescenie-puy-du-fou-2.jpg\" class=\"wp-image-1023\" alt=\"puy du fou in vend\u00e9e\" srcset=\"https:\/\/www.campingjard.fr\/wp-content\/uploads\/2025\/04\/La-cinescenie-puy-du-fou-2.jpg 990w, https:\/\/www.campingjard.fr\/wp-content\/uploads\/2025\/04\/La-cinescenie-puy-du-fou-2-300x200.jpg 300w, https:\/\/www.campingjard.fr\/wp-content\/uploads\/2025\/04\/La-cinescenie-puy-du-fou-2-768x512.jpg 768w, https:\/\/www.campingjard.fr\/wp-content\/uploads\/2025\/04\/La-cinescenie-puy-du-fou-2-500x333.jpg 500w, https:\/\/www.campingjard.fr\/wp-content\/uploads\/2025\/04\/La-cinescenie-puy-du-fou-2-800x533.jpg 800w\" sizes=\"auto, (max-width: 990px) 100vw, 990px\" \/><\/noscript><img decoding=\"async\" width=\"990\" height=\"660\" src=\"https:\/\/www.campingjard.fr\/wp-content\/uploads\/2025\/04\/La-cinescenie-puy-du-fou-2.jpg\" class=\"wp-image-1023 vp-lazyload\" alt=\"puy du fou in vend\u00e9e\" srcset=\"data:image\/svg+xml;base64,PHN2ZyB3aWR0aD0iOTkwIiBoZWlnaHQ9IjY2MCIgdmlld0JveD0iMCAwIDk5MCA2NjAiIGZpbGw9Im5vbmUiIHhtbG5zPSJodHRwOi8vd3d3LnczLm9yZy8yMDAwL3N2ZyI+PC9zdmc+\" data-src=\"https:\/\/www.campingjard.fr\/wp-content\/uploads\/2025\/04\/La-cinescenie-puy-du-fou-2.jpg\" data-srcset=\"https:\/\/www.campingjard.fr\/wp-content\/uploads\/2025\/04\/La-cinescenie-puy-du-fou-2.jpg 990w, https:\/\/www.campingjard.fr\/wp-content\/uploads\/2025\/04\/La-cinescenie-puy-du-fou-2-300x200.jpg 300w, https:\/\/www.campingjard.fr\/wp-content\/uploads\/2025\/04\/La-cinescenie-puy-du-fou-2-768x512.jpg 768w, https:\/\/www.campingjard.fr\/wp-content\/uploads\/2025\/04\/La-cinescenie-puy-du-fou-2-500x333.jpg 500w, https:\/\/www.campingjard.fr\/wp-content\/uploads\/2025\/04\/La-cinescenie-puy-du-fou-2-800x533.jpg 800w\" data-sizes=\"auto\" loading=\"eager\">\n\t\t<div class=\"vp-portfolio__item-overlay\">\n\t\t\t\t\t<\/div>\n\n\t\t<\/a>\t<\/div>\n<\/div>\n\n\t\t\t<\/figure>\n\t\t\t\t\t<\/div>\n\t\t\n<\/div>\n\t\t<\/div>\n\t\t\n<\/div>\n<\/div>","protected":false},"excerpt":{"rendered":"<p>Le grand parc d\u2019attraction du Puy du Fou&nbsp;a \u00e9t\u00e9 \u00e9lu \u00ab&nbsp;meilleur parc d\u2019attraction au monde&nbsp;\u00bb, \u00ab&nbsp;Parc pr\u00e9f\u00e9r\u00e9 des fran\u00e7ais depuis 3 ans&nbsp;\u00bb, \u00ab&nbsp;meilleur parc du monde&nbsp;\u00bb et \u00ab&nbsp;meilleur parc d\u2019Europe&nbsp;\u00bb&nbsp;!!!!!! Que d\u2019\u00e9loges pour cette attraction \u00e0 cot\u00e9 de notre Camping \u00e0 Jard-sur-Mer. Evidemment, il ne faut pas manquer de passer une journ\u00e9e au Puy du [&hellip;]<\/p>\n","protected":false},"author":1,"featured_media":1024,"parent":0,"menu_order":0,"comment_status":"closed","ping_status":"closed","template":"pages-du-site","meta":{"_acf_changed":false,"_seopress_robots_primary_cat":"","_seopress_titles_title":"Passez une belle journ\u00e9e au Puy du Fou","_seopress_titles_desc":"Lors de votre s\u00e9jour, programmez une journ\u00e9e au grand parc du Puy du Fou en Vend\u00e9e !","_seopress_robots_index":"","_vp_format_video_url":"","_vp_image_focal_point":[],"footnotes":""},"class_list":["post-1017","page","type-page","status-publish","has-post-thumbnail","hentry"],"acf":[],"_links":{"self":[{"href":"https:\/\/www.campingjard.fr\/en\/wp-json\/wp\/v2\/pages\/1017","targetHints":{"allow":["GET"]}}],"collection":[{"href":"https:\/\/www.campingjard.fr\/en\/wp-json\/wp\/v2\/pages"}],"about":[{"href":"https:\/\/www.campingjard.fr\/en\/wp-json\/wp\/v2\/types\/page"}],"author":[{"embeddable":true,"href":"https:\/\/www.campingjard.fr\/en\/wp-json\/wp\/v2\/users\/1"}],"replies":[{"embeddable":true,"href":"https:\/\/www.campingjard.fr\/en\/wp-json\/wp\/v2\/comments?post=1017"}],"version-history":[{"count":3,"href":"https:\/\/www.campingjard.fr\/en\/wp-json\/wp\/v2\/pages\/1017\/revisions"}],"predecessor-version":[{"id":236525,"href":"https:\/\/www.campingjard.fr\/en\/wp-json\/wp\/v2\/pages\/1017\/revisions\/236525"}],"wp:featuredmedia":[{"embeddable":true,"href":"https:\/\/www.campingjard.fr\/en\/wp-json\/wp\/v2\/media\/1024"}],"wp:attachment":[{"href":"https:\/\/www.campingjard.fr\/en\/wp-json\/wp\/v2\/media?parent=1017"}],"curies":[{"name":"wp","href":"https:\/\/api.w.org\/{rel}","templated":true}]}}