{"id":1026,"date":"2025-04-02T15:57:22","date_gmt":"2025-04-02T13:57:22","guid":{"rendered":"https:\/\/www.campingjard.fr\/?page_id=1026"},"modified":"2025-04-08T15:13:04","modified_gmt":"2025-04-08T13:13:04","slug":"cote-loisirs","status":"publish","type":"page","link":"https:\/\/www.campingjard.fr\/en\/cote-loisirs\/","title":{"rendered":"Leisure activities"},"content":{"rendered":"<div class=\"wp-block-stackable-columns stk-block-columns stk-block stk-c29e941\" data-block-id=\"c29e941\"><style>.stk-c29e941 {margin-top:3% !important;margin-bottom:5% !important;}<\/style><div class=\"stk-row stk-inner-blocks stk-block-content stk-content-align stk-c29e941-column\">\n<div class=\"wp-block-stackable-column stk-block-column stk-column stk-block stk-3840f78\" data-v=\"4\" data-block-id=\"3840f78\"><style>@media screen and (min-width: 768px){.stk-3840f78 {flex:var(--stk-flex-grow, 1) 1 25% !important;}}<\/style><div class=\"stk-column-wrapper stk-block-column__content stk-container stk-3840f78-container stk--no-background stk--no-padding\"><div class=\"stk-block-content stk-inner-blocks stk-3840f78-inner-blocks\">\n<div class=\"wp-block-stackable-image-box stk-block-image-box stk-hover-parent stk-block stk-adce366 is-style-default\" data-block-id=\"adce366\"><div class=\"stk-block-content stk-inner-blocks has-text-align-center stk-row stk-block-image-box__content\">\n<div class=\"wp-block-stackable-image stk-block-image stk-block stk-bdab401\" data-block-id=\"bdab401\"><style>.stk-bdab401 {border-top-left-radius:20px !important;border-top-right-radius:20px !important;overflow:hidden !important;}.stk-bdab401 .stk-img-wrapper{height:280px !important;--stk-gradient-overlay:1 !important;}:where(.stk-hover-parent:hover,  .stk-hover-parent.stk--is-hovered) .stk-bdab401 .stk-img-wrapper img{transform:scale(1.1) !important;}.stk-bdab401 .stk-img-wrapper::after{background-image:linear-gradient(180deg,rgba(7,146,227,0) 33%,rgb(1,1,1) 96%) !important;}:where(.stk-hover-parent:hover,  .stk-hover-parent.stk--is-hovered) .stk-bdab401 .stk-img-wrapper::after{background-image:linear-gradient(135deg,rgba(0,0,0,0.69) 0%,rgba(0,0,0,0.69) 100%) !important;}<\/style><figure><span class=\"stk-img-wrapper stk-image--shape-stretch stk-img--gradient-overlay\"><img loading=\"lazy\" decoding=\"async\" class=\"stk-img wp-image-993\" src=\"https:\/\/www.campingjard.fr\/wp-content\/uploads\/2025\/04\/eco-zoo-des-sables-IMG_3834-Personnalise.jpg\" width=\"1000\" height=\"667\" alt=\"zoo des sables\" srcset=\"https:\/\/www.campingjard.fr\/wp-content\/uploads\/2025\/04\/eco-zoo-des-sables-IMG_3834-Personnalise.jpg 1000w, https:\/\/www.campingjard.fr\/wp-content\/uploads\/2025\/04\/eco-zoo-des-sables-IMG_3834-Personnalise-300x200.jpg 300w, https:\/\/www.campingjard.fr\/wp-content\/uploads\/2025\/04\/eco-zoo-des-sables-IMG_3834-Personnalise-768x512.jpg 768w, https:\/\/www.campingjard.fr\/wp-content\/uploads\/2025\/04\/eco-zoo-des-sables-IMG_3834-Personnalise-500x334.jpg 500w, https:\/\/www.campingjard.fr\/wp-content\/uploads\/2025\/04\/eco-zoo-des-sables-IMG_3834-Personnalise-800x534.jpg 800w\" sizes=\"auto, (max-width: 1000px) 100vw, 1000px\" \/><\/span><\/figure><\/div>\n\n\n\n<div class=\"wp-block-stackable-column stk-block-column stk-column stk-block stk-4636e2b\" data-v=\"4\" data-block-id=\"4636e2b\"><style>.stk-4636e2b {align-self:flex-end !important;align-items:center !important;padding-bottom:30px !important;padding-left:34px !important;display:flex !important;}:where(.stk-hover-parent:hover,  .stk-hover-parent.stk--is-hovered) .stk-4636e2b{transform:translateY(-53px) !important;}<\/style><div class=\"stk-column-wrapper stk-block-column__content stk-container stk-4636e2b-container stk--no-background stk--no-padding\"><div class=\"has-text-align-left stk-block-content stk-inner-blocks stk-4636e2b-inner-blocks\">\n<div class=\"wp-block-group is-nowrap is-layout-flex wp-container-core-group-is-layout-6c531013 wp-block-group-is-layout-flex\" data-block-type=\"core\">\n<div class=\"wp-block-group is-vertical is-layout-flex wp-container-core-group-is-layout-4b827052 wp-block-group-is-layout-flex\" data-block-type=\"core\">\n<div class=\"wp-block-stackable-text stk-block-text stk-block stk-a3096bc\" data-block-id=\"a3096bc\"><style>.stk-a3096bc {margin-bottom:-30px !important;}.stk-a3096bc .stk-block-text__text{font-size:2.3rem !important;color:#FFFFFF !important;font-family:\"Abhaya Libre\", Sans-serif !important;}@media screen and (max-width: 1023px){.stk-a3096bc .stk-block-text__text{font-size:2.3rem !important;}}<\/style><p class=\"stk-block-text__text has-text-color\">The parks<\/p><\/div>\n\n\n\n<div class=\"wp-block-stackable-text stk-block-text stk-block stk-7607d49\" data-block-id=\"7607d49\"><style>.stk-7607d49 .stk-block-text__text{font-size:2.9rem !important;color:#FFFFFF !important;font-family:\"Parisienne\", Sans-serif !important;}@media screen and (max-width: 1023px){.stk-7607d49 .stk-block-text__text{font-size:2.9rem !important;}}<\/style><p class=\"stk-block-text__text has-text-color\">nearby<\/p><\/div>\n<\/div>\n\n\n\n<div class=\"wp-block-stackable-icon stk-block-icon stk-block stk-b28782c\" data-block-id=\"b28782c\"><style>.stk-b28782c {margin-bottom:3px !important;margin-left:26px !important;}.stk-b28782c .stk--svg-wrapper .stk--inner-svg svg:last-child{height:50px !important;width:50px !important;}<\/style><span class=\"stk--svg-wrapper\"><div class=\"stk--inner-svg\"><svg style=\"height:0;width:0\"><defs><lineargradient id=\"linear-gradient-b28782c\" x1=\"0\" x2=\"100%\" y1=\"0\" y2=\"0\"><stop offset=\"0%\" style=\"stop-opacity:1;stop-color:var(--linear-gradient-b-28782-c-color-1)\"><\/stop><stop offset=\"100%\" style=\"stop-opacity:1;stop-color:var(--linear-gradient-b-28782-c-color-2)\"><\/stop><\/lineargradient><\/defs><\/svg><svg class=\"ugb-custom-icon\" viewbox=\"0 0 50 51\" fill=\"none\" xmlns=\"http:\/\/www.w3.org\/2000\/svg\" aria-hidden=\"true\" width=\"32\" height=\"32\">\n<rect x=\"1.125\" y=\"0.5\" width=\"48.2292\" height=\"50\" rx=\"24.1146\" fill=\"url(#paint0_linear_52_228-73172)\" stroke=\"white\"><\/rect>\n<path d=\"M25.7542 16.2802C26.1042 15.9302 26.5788 15.7336 27.0736 15.7336C27.5685 15.7336 28.0431 15.9302 28.393 16.2802L36.7909 24.6802C37.1408 25.0302 37.3373 25.5049 37.3373 25.9999C37.3373 26.4949 37.1408 26.9696 36.7909 27.3196L28.393 35.7196C28.041 36.0597 27.5696 36.2478 27.0803 36.2436C26.591 36.2393 26.1229 36.043 25.7769 35.6969C25.4309 35.3508 25.2347 34.8826 25.2304 34.3932C25.2262 33.9038 25.4143 33.4322 25.7542 33.0802L30.806 27.8666H13.0771C12.5821 27.8666 12.1075 27.6699 11.7575 27.3198C11.4075 26.9698 11.2109 26.495 11.2109 25.9999C11.2109 25.5048 11.4075 25.03 11.7575 24.68C12.1075 24.3299 12.5821 24.1332 13.0771 24.1332H30.806L25.7542 18.9196C25.4043 18.5696 25.2078 18.0949 25.2078 17.5999C25.2078 17.1049 25.4043 16.6302 25.7542 16.2802Z\" fill=\"white\"><\/path>\n<defs>\n<lineargradient id=\"paint0_linear_52_228-73172\" x1=\"0.625\" y1=\"25.5\" x2=\"49.8542\" y2=\"25.5\" gradientunits=\"userSpaceOnUse\">\n<stop stop-color=\"#E86F2A\"><\/stop>\n<stop offset=\"1\" stop-color=\"#823E18\"><\/stop>\n<\/lineargradient>\n<\/defs>\n<\/svg><\/div><\/span><\/div>\n<\/div>\n<\/div><\/div><\/div>\n<\/div><a class=\"stk-link stk-block-link stk--transparent-overlay\" href=\"https:\/\/www.campingjard.fr\/en\/nearby-sites\/\"><\/a><\/div>\n<\/div><\/div><\/div>\n\n\n\n<div class=\"wp-block-stackable-column stk-block-column stk-column stk-block stk-48b86c3\" data-v=\"4\" data-block-id=\"48b86c3\"><style>@media screen and (min-width: 768px){.stk-48b86c3 {flex:var(--stk-flex-grow, 1) 1 25% !important;}}<\/style><div class=\"stk-column-wrapper stk-block-column__content stk-container stk-48b86c3-container stk--no-background stk--no-padding\"><div class=\"stk-block-content stk-inner-blocks stk-48b86c3-inner-blocks\">\n<div class=\"wp-block-stackable-image-box stk-block-image-box stk-hover-parent stk-block stk-54905e5 is-style-default\" data-block-id=\"54905e5\"><div class=\"stk-block-content stk-inner-blocks has-text-align-center stk-row stk-block-image-box__content\">\n<div class=\"wp-block-stackable-image stk-block-image stk-block stk-04edc4b\" data-block-id=\"04edc4b\"><style>.stk-04edc4b {border-top-left-radius:20px !important;border-top-right-radius:20px !important;overflow:hidden !important;}.stk-04edc4b .stk-img-wrapper{height:280px !important;--stk-gradient-overlay:1 !important;}:where(.stk-hover-parent:hover,  .stk-hover-parent.stk--is-hovered) .stk-04edc4b .stk-img-wrapper img{transform:scale(1.1) !important;}.stk-04edc4b .stk-img-wrapper::after{background-image:linear-gradient(180deg,rgba(7,146,227,0) 33%,rgb(1,1,1) 96%) !important;}:where(.stk-hover-parent:hover,  .stk-hover-parent.stk--is-hovered) .stk-04edc4b .stk-img-wrapper::after{background-image:linear-gradient(135deg,rgba(0,0,0,0.69) 0%,rgba(0,0,0,0.69) 100%) !important;}<\/style><figure><span class=\"stk-img-wrapper stk-image--shape-stretch stk-img--gradient-overlay\"><img loading=\"lazy\" decoding=\"async\" class=\"stk-img wp-image-1003\" src=\"https:\/\/www.campingjard.fr\/wp-content\/uploads\/2025\/04\/exploralo_ogliss_park.jpg\" width=\"1024\" height=\"576\" alt=\"o&#039;gliss park in vend\u00e9e\" srcset=\"https:\/\/www.campingjard.fr\/wp-content\/uploads\/2025\/04\/exploralo_ogliss_park.jpg 1024w, https:\/\/www.campingjard.fr\/wp-content\/uploads\/2025\/04\/exploralo_ogliss_park-300x169.jpg 300w, https:\/\/www.campingjard.fr\/wp-content\/uploads\/2025\/04\/exploralo_ogliss_park-768x432.jpg 768w, https:\/\/www.campingjard.fr\/wp-content\/uploads\/2025\/04\/exploralo_ogliss_park-500x281.jpg 500w, https:\/\/www.campingjard.fr\/wp-content\/uploads\/2025\/04\/exploralo_ogliss_park-800x450.jpg 800w\" sizes=\"auto, (max-width: 1024px) 100vw, 1024px\" \/><\/span><\/figure><\/div>\n\n\n\n<div class=\"wp-block-stackable-column stk-block-column stk-column stk-block stk-c618220\" data-v=\"4\" data-block-id=\"c618220\"><style>.stk-c618220 {align-self:flex-end !important;align-items:center !important;padding-bottom:30px !important;padding-left:34px !important;display:flex !important;}:where(.stk-hover-parent:hover,  .stk-hover-parent.stk--is-hovered) .stk-c618220{transform:translateY(-53px) !important;}<\/style><div class=\"stk-column-wrapper stk-block-column__content stk-container stk-c618220-container stk--no-background stk--no-padding\"><div class=\"has-text-align-left stk-block-content stk-inner-blocks stk-c618220-inner-blocks\">\n<div class=\"wp-block-group is-nowrap is-layout-flex wp-container-core-group-is-layout-6c531013 wp-block-group-is-layout-flex\" data-block-type=\"core\">\n<div class=\"wp-block-group is-vertical is-layout-flex wp-container-core-group-is-layout-4b827052 wp-block-group-is-layout-flex\" data-block-type=\"core\">\n<div class=\"wp-block-stackable-text stk-block-text stk-block stk-f000d3e\" data-block-id=\"f000d3e\"><style>.stk-f000d3e {margin-bottom:-30px !important;}.stk-f000d3e .stk-block-text__text{font-size:2.3rem !important;color:#FFFFFF !important;font-family:\"Abhaya Libre\", Sans-serif !important;}@media screen and (max-width: 1023px){.stk-f000d3e .stk-block-text__text{font-size:2.3rem !important;}}<\/style><p class=\"stk-block-text__text has-text-color\">O'Gliss<\/p><\/div>\n\n\n\n<div class=\"wp-block-stackable-text stk-block-text stk-block stk-51460b7\" data-block-id=\"51460b7\"><style>.stk-51460b7 .stk-block-text__text{font-size:2.9rem !important;color:#FFFFFF !important;font-family:\"Parisienne\", Sans-serif !important;}@media screen and (max-width: 1023px){.stk-51460b7 .stk-block-text__text{font-size:2.9rem !important;}}<\/style><p class=\"stk-block-text__text has-text-color\">and O'Fun park<\/p><\/div>\n<\/div>\n<\/div>\n<\/div><\/div><\/div>\n<\/div><a class=\"stk-link stk-block-link stk--transparent-overlay\" href=\"https:\/\/www.campingjard.fr\/en\/ogliss-and-ofun-park\/\"><\/a><\/div>\n<\/div><\/div><\/div>\n\n\n\n<div class=\"wp-block-stackable-column stk-block-column stk-column stk-block stk-7d3ea30\" data-v=\"4\" data-block-id=\"7d3ea30\"><style>@media screen and (min-width: 768px){.stk-7d3ea30 {flex:var(--stk-flex-grow, 1) 1 25% !important;}}<\/style><div class=\"stk-column-wrapper stk-block-column__content stk-container stk-7d3ea30-container stk--no-background stk--no-padding\"><div class=\"stk-block-content stk-inner-blocks stk-7d3ea30-inner-blocks\">\n<div class=\"wp-block-stackable-image-box stk-block-image-box stk-hover-parent stk-block stk-b6d276b is-style-default\" data-block-id=\"b6d276b\"><div class=\"stk-block-content stk-inner-blocks has-text-align-center stk-row stk-block-image-box__content\">\n<div class=\"wp-block-stackable-image stk-block-image stk-block stk-db4e1fe\" data-block-id=\"db4e1fe\"><style>.stk-db4e1fe {border-top-left-radius:20px !important;border-top-right-radius:20px !important;overflow:hidden !important;}.stk-db4e1fe .stk-img-wrapper{height:280px !important;--stk-gradient-overlay:1 !important;}:where(.stk-hover-parent:hover,  .stk-hover-parent.stk--is-hovered) .stk-db4e1fe .stk-img-wrapper img{transform:scale(1.1) !important;}.stk-db4e1fe .stk-img-wrapper::after{background-image:linear-gradient(180deg,rgba(7,146,227,0) 33%,rgb(1,1,1) 96%) !important;}:where(.stk-hover-parent:hover,  .stk-hover-parent.stk--is-hovered) .stk-db4e1fe .stk-img-wrapper::after{background-image:linear-gradient(135deg,rgba(0,0,0,0.69) 0%,rgba(0,0,0,0.69) 100%) !important;}<\/style><figure><span class=\"stk-img-wrapper stk-image--shape-stretch stk-img--gradient-overlay\"><img loading=\"lazy\" decoding=\"async\" class=\"stk-img wp-image-1011\" src=\"https:\/\/www.campingjard.fr\/wp-content\/uploads\/2025\/04\/maraispoitevin_randonnee_benet_160-Personnalise.jpg\" width=\"667\" height=\"1000\" alt=\"Poitevin marshlands \" srcset=\"https:\/\/www.campingjard.fr\/wp-content\/uploads\/2025\/04\/maraispoitevin_randonnee_benet_160-Personnalise.jpg 667w, https:\/\/www.campingjard.fr\/wp-content\/uploads\/2025\/04\/maraispoitevin_randonnee_benet_160-Personnalise-200x300.jpg 200w, https:\/\/www.campingjard.fr\/wp-content\/uploads\/2025\/04\/maraispoitevin_randonnee_benet_160-Personnalise-500x750.jpg 500w\" sizes=\"auto, (max-width: 667px) 100vw, 667px\" \/><\/span><\/figure><\/div>\n\n\n\n<div class=\"wp-block-stackable-column stk-block-column stk-column stk-block stk-55efc01\" data-v=\"4\" data-block-id=\"55efc01\"><style>.stk-55efc01 {align-self:flex-end !important;align-items:center !important;padding-bottom:30px !important;padding-left:34px !important;display:flex !important;}:where(.stk-hover-parent:hover,  .stk-hover-parent.stk--is-hovered) .stk-55efc01{transform:translateY(-53px) !important;}<\/style><div class=\"stk-column-wrapper stk-block-column__content stk-container stk-55efc01-container stk--no-background stk--no-padding\"><div class=\"has-text-align-left stk-block-content stk-inner-blocks stk-55efc01-inner-blocks\">\n<div class=\"wp-block-group is-nowrap is-layout-flex wp-container-core-group-is-layout-6c531013 wp-block-group-is-layout-flex\" data-block-type=\"core\">\n<div class=\"wp-block-group is-vertical is-layout-flex wp-container-core-group-is-layout-4b827052 wp-block-group-is-layout-flex\" data-block-type=\"core\">\n<div class=\"wp-block-stackable-text stk-block-text stk-block stk-2b2cf5e\" data-block-id=\"2b2cf5e\"><style>.stk-2b2cf5e {margin-bottom:-30px !important;}.stk-2b2cf5e .stk-block-text__text{font-size:2.3rem !important;color:#FFFFFF !important;font-family:\"Abhaya Libre\", Sans-serif !important;}@media screen and (max-width: 1023px){.stk-2b2cf5e .stk-block-text__text{font-size:2.3rem !important;}}<\/style><p class=\"stk-block-text__text has-text-color\">Marsh<\/p><\/div>\n\n\n\n<div class=\"wp-block-stackable-text stk-block-text stk-block stk-f69d18b\" data-block-id=\"f69d18b\"><style>.stk-f69d18b .stk-block-text__text{font-size:2.9rem !important;color:#FFFFFF !important;font-family:\"Parisienne\", Sans-serif !important;}@media screen and (max-width: 1023px){.stk-f69d18b .stk-block-text__text{font-size:2.9rem !important;}}<\/style><p class=\"stk-block-text__text has-text-color\">Poitevin<\/p><\/div>\n<\/div>\n\n\n\n<div class=\"wp-block-stackable-icon stk-block-icon stk-block stk-d21d8a6\" data-block-id=\"d21d8a6\"><style>.stk-d21d8a6 {margin-bottom:3px !important;margin-left:26px !important;}.stk-d21d8a6 .stk--svg-wrapper .stk--inner-svg svg:last-child{height:50px !important;width:50px !important;}<\/style><span class=\"stk--svg-wrapper\"><div class=\"stk--inner-svg\"><svg style=\"height:0;width:0\"><defs><lineargradient id=\"linear-gradient-d21d8a6\" x1=\"0\" x2=\"100%\" y1=\"0\" y2=\"0\"><stop offset=\"0%\" style=\"stop-opacity:1;stop-color:var(--linear-gradient-d-21-d-8-a-6-color-1)\"><\/stop><stop offset=\"100%\" style=\"stop-opacity:1;stop-color:var(--linear-gradient-d-21-d-8-a-6-color-2)\"><\/stop><\/lineargradient><\/defs><\/svg><svg class=\"ugb-custom-icon\" viewbox=\"0 0 50 51\" fill=\"none\" xmlns=\"http:\/\/www.w3.org\/2000\/svg\" aria-hidden=\"true\" width=\"32\" height=\"32\">\n<rect x=\"1.125\" y=\"0.5\" width=\"48.2292\" height=\"50\" rx=\"24.1146\" fill=\"url(#paint0_linear_52_228-73172)\" stroke=\"white\"><\/rect>\n<path d=\"M25.7542 16.2802C26.1042 15.9302 26.5788 15.7336 27.0736 15.7336C27.5685 15.7336 28.0431 15.9302 28.393 16.2802L36.7909 24.6802C37.1408 25.0302 37.3373 25.5049 37.3373 25.9999C37.3373 26.4949 37.1408 26.9696 36.7909 27.3196L28.393 35.7196C28.041 36.0597 27.5696 36.2478 27.0803 36.2436C26.591 36.2393 26.1229 36.043 25.7769 35.6969C25.4309 35.3508 25.2347 34.8826 25.2304 34.3932C25.2262 33.9038 25.4143 33.4322 25.7542 33.0802L30.806 27.8666H13.0771C12.5821 27.8666 12.1075 27.6699 11.7575 27.3198C11.4075 26.9698 11.2109 26.495 11.2109 25.9999C11.2109 25.5048 11.4075 25.03 11.7575 24.68C12.1075 24.3299 12.5821 24.1332 13.0771 24.1332H30.806L25.7542 18.9196C25.4043 18.5696 25.2078 18.0949 25.2078 17.5999C25.2078 17.1049 25.4043 16.6302 25.7542 16.2802Z\" fill=\"white\"><\/path>\n<defs>\n<lineargradient id=\"paint0_linear_52_228-73172\" x1=\"0.625\" y1=\"25.5\" x2=\"49.8542\" y2=\"25.5\" gradientunits=\"userSpaceOnUse\">\n<stop stop-color=\"#E86F2A\"><\/stop>\n<stop offset=\"1\" stop-color=\"#823E18\"><\/stop>\n<\/lineargradient>\n<\/defs>\n<\/svg><\/div><\/span><\/div>\n<\/div>\n<\/div><\/div><\/div>\n<\/div><a class=\"stk-link stk-block-link stk--transparent-overlay\" href=\"https:\/\/www.campingjard.fr\/en\/poitevin-marshlands\/\"><\/a><\/div>\n<\/div><\/div><\/div>\n\n\n\n<div class=\"wp-block-stackable-column stk-block-column stk-column stk-block stk-20f9f4f\" data-v=\"4\" data-block-id=\"20f9f4f\"><style>@media screen and (min-width: 768px){.stk-20f9f4f {flex:var(--stk-flex-grow, 1) 1 25% !important;}}<\/style><div class=\"stk-column-wrapper stk-block-column__content stk-container stk-20f9f4f-container stk--no-background stk--no-padding\"><div class=\"stk-block-content stk-inner-blocks stk-20f9f4f-inner-blocks\">\n<div class=\"wp-block-stackable-image-box stk-block-image-box stk-hover-parent stk-block stk-8d1b109 is-style-default\" data-block-id=\"8d1b109\"><div class=\"stk-block-content stk-inner-blocks has-text-align-center stk-row stk-block-image-box__content\">\n<div class=\"wp-block-stackable-image stk-block-image stk-block stk-9665456\" data-block-id=\"9665456\"><style>.stk-9665456 {border-top-left-radius:20px !important;border-top-right-radius:20px !important;overflow:hidden !important;}.stk-9665456 .stk-img-wrapper{height:280px !important;--stk-gradient-overlay:1 !important;}:where(.stk-hover-parent:hover,  .stk-hover-parent.stk--is-hovered) .stk-9665456 .stk-img-wrapper img{transform:scale(1.1) !important;}.stk-9665456 .stk-img-wrapper::after{background-image:linear-gradient(180deg,rgba(7,146,227,0) 33%,rgb(1,1,1) 96%) !important;}:where(.stk-hover-parent:hover,  .stk-hover-parent.stk--is-hovered) .stk-9665456 .stk-img-wrapper::after{background-image:linear-gradient(135deg,rgba(0,0,0,0.69) 0%,rgba(0,0,0,0.69) 100%) !important;}<\/style><figure><span class=\"stk-img-wrapper stk-image--shape-stretch stk-img--gradient-overlay\"><img loading=\"lazy\" decoding=\"async\" class=\"stk-img wp-image-1022\" src=\"https:\/\/www.campingjard.fr\/wp-content\/uploads\/2025\/04\/bal-des-oiseaux-fantomes-puy-du-fou-bof02.jpg\" width=\"1024\" height=\"682\" alt=\"grand parc du puy du fou\" srcset=\"https:\/\/www.campingjard.fr\/wp-content\/uploads\/2025\/04\/bal-des-oiseaux-fantomes-puy-du-fou-bof02.jpg 1024w, https:\/\/www.campingjard.fr\/wp-content\/uploads\/2025\/04\/bal-des-oiseaux-fantomes-puy-du-fou-bof02-300x200.jpg 300w, https:\/\/www.campingjard.fr\/wp-content\/uploads\/2025\/04\/bal-des-oiseaux-fantomes-puy-du-fou-bof02-768x512.jpg 768w, https:\/\/www.campingjard.fr\/wp-content\/uploads\/2025\/04\/bal-des-oiseaux-fantomes-puy-du-fou-bof02-500x333.jpg 500w, https:\/\/www.campingjard.fr\/wp-content\/uploads\/2025\/04\/bal-des-oiseaux-fantomes-puy-du-fou-bof02-800x533.jpg 800w\" sizes=\"auto, (max-width: 1024px) 100vw, 1024px\" \/><\/span><\/figure><\/div>\n\n\n\n<div class=\"wp-block-stackable-column stk-block-column stk-column stk-block stk-dd192cf\" data-v=\"4\" data-block-id=\"dd192cf\"><style>.stk-dd192cf {align-self:flex-end !important;align-items:center !important;padding-bottom:30px !important;padding-left:34px !important;display:flex !important;}:where(.stk-hover-parent:hover,  .stk-hover-parent.stk--is-hovered) .stk-dd192cf{transform:translateY(-53px) !important;}<\/style><div class=\"stk-column-wrapper stk-block-column__content stk-container stk-dd192cf-container stk--no-background stk--no-padding\"><div class=\"has-text-align-left stk-block-content stk-inner-blocks stk-dd192cf-inner-blocks\">\n<div class=\"wp-block-group is-nowrap is-layout-flex wp-container-core-group-is-layout-6c531013 wp-block-group-is-layout-flex\" data-block-type=\"core\">\n<div class=\"wp-block-group is-vertical is-layout-flex wp-container-core-group-is-layout-4b827052 wp-block-group-is-layout-flex\" data-block-type=\"core\">\n<div class=\"wp-block-stackable-text stk-block-text stk-block stk-b5f9da4\" data-block-id=\"b5f9da4\"><style>.stk-b5f9da4 {margin-bottom:-30px !important;}.stk-b5f9da4 .stk-block-text__text{font-size:2.3rem !important;color:#FFFFFF !important;font-family:\"Abhaya Libre\", Sans-serif !important;}@media screen and (max-width: 1023px){.stk-b5f9da4 .stk-block-text__text{font-size:2.3rem !important;}}<\/style><p class=\"stk-block-text__text has-text-color\">Le Puy<\/p><\/div>\n\n\n\n<div class=\"wp-block-stackable-text stk-block-text stk-block stk-8445cc2\" data-block-id=\"8445cc2\"><style>.stk-8445cc2 .stk-block-text__text{font-size:2.9rem !important;color:#FFFFFF !important;font-family:\"Parisienne\", Sans-serif !important;}@media screen and (max-width: 1023px){.stk-8445cc2 .stk-block-text__text{font-size:2.9rem !important;}}<\/style><p class=\"stk-block-text__text has-text-color\">du Fou<\/p><\/div>\n<\/div>\n\n\n\n<div class=\"wp-block-stackable-icon stk-block-icon stk-block stk-4ccb086\" data-block-id=\"4ccb086\"><style>.stk-4ccb086 {margin-bottom:3px !important;margin-left:26px !important;}.stk-4ccb086 .stk--svg-wrapper .stk--inner-svg svg:last-child{height:50px !important;width:50px !important;}<\/style><span class=\"stk--svg-wrapper\"><div class=\"stk--inner-svg\"><svg style=\"height:0;width:0\"><defs><lineargradient id=\"linear-gradient-4ccb086\" x1=\"0\" x2=\"100%\" y1=\"0\" y2=\"0\"><stop offset=\"0%\" style=\"stop-opacity:1;stop-color:var(--linear-gradient-4-ccb-086-color-1)\"><\/stop><stop offset=\"100%\" style=\"stop-opacity:1;stop-color:var(--linear-gradient-4-ccb-086-color-2)\"><\/stop><\/lineargradient><\/defs><\/svg><svg class=\"ugb-custom-icon\" viewbox=\"0 0 50 51\" fill=\"none\" xmlns=\"http:\/\/www.w3.org\/2000\/svg\" aria-hidden=\"true\" width=\"32\" height=\"32\">\n<rect x=\"1.125\" y=\"0.5\" width=\"48.2292\" height=\"50\" rx=\"24.1146\" fill=\"url(#paint0_linear_52_228-73172)\" stroke=\"white\"><\/rect>\n<path d=\"M25.7542 16.2802C26.1042 15.9302 26.5788 15.7336 27.0736 15.7336C27.5685 15.7336 28.0431 15.9302 28.393 16.2802L36.7909 24.6802C37.1408 25.0302 37.3373 25.5049 37.3373 25.9999C37.3373 26.4949 37.1408 26.9696 36.7909 27.3196L28.393 35.7196C28.041 36.0597 27.5696 36.2478 27.0803 36.2436C26.591 36.2393 26.1229 36.043 25.7769 35.6969C25.4309 35.3508 25.2347 34.8826 25.2304 34.3932C25.2262 33.9038 25.4143 33.4322 25.7542 33.0802L30.806 27.8666H13.0771C12.5821 27.8666 12.1075 27.6699 11.7575 27.3198C11.4075 26.9698 11.2109 26.495 11.2109 25.9999C11.2109 25.5048 11.4075 25.03 11.7575 24.68C12.1075 24.3299 12.5821 24.1332 13.0771 24.1332H30.806L25.7542 18.9196C25.4043 18.5696 25.2078 18.0949 25.2078 17.5999C25.2078 17.1049 25.4043 16.6302 25.7542 16.2802Z\" fill=\"white\"><\/path>\n<defs>\n<lineargradient id=\"paint0_linear_52_228-73172\" x1=\"0.625\" y1=\"25.5\" x2=\"49.8542\" y2=\"25.5\" gradientunits=\"userSpaceOnUse\">\n<stop stop-color=\"#E86F2A\"><\/stop>\n<stop offset=\"1\" stop-color=\"#823E18\"><\/stop>\n<\/lineargradient>\n<\/defs>\n<\/svg><\/div><\/span><\/div>\n<\/div>\n<\/div><\/div><\/div>\n<\/div><a class=\"stk-link stk-block-link stk--transparent-overlay\" href=\"https:\/\/www.campingjard.fr\/en\/puy-du-fou\/\"><\/a><\/div>\n<\/div><\/div><\/div>\n<\/div><\/div>","protected":false},"excerpt":{"rendered":"<p>Nearby parks O'Gliss and O'Fun park Marais Poitevin Le Puy du Fou<\/p>","protected":false},"author":1,"featured_media":1015,"parent":0,"menu_order":0,"comment_status":"closed","ping_status":"closed","template":"pages-du-site","meta":{"_acf_changed":false,"_seopress_robots_primary_cat":"","_seopress_titles_title":"C\u00f4t\u00e9 loisirs, vous serez ravis en Vend\u00e9e","_seopress_titles_desc":"D\u00e9couvrez les loisirs \u00e0 faire proche de votre camping pendant votre s\u00e9jour estival. Il y en pour tous les go\u00fbts et tous les \u00e2ges.","_seopress_robots_index":"","_vp_format_video_url":"","_vp_image_focal_point":[],"footnotes":""},"class_list":["post-1026","page","type-page","status-publish","has-post-thumbnail","hentry"],"acf":[],"_links":{"self":[{"href":"https:\/\/www.campingjard.fr\/en\/wp-json\/wp\/v2\/pages\/1026","targetHints":{"allow":["GET"]}}],"collection":[{"href":"https:\/\/www.campingjard.fr\/en\/wp-json\/wp\/v2\/pages"}],"about":[{"href":"https:\/\/www.campingjard.fr\/en\/wp-json\/wp\/v2\/types\/page"}],"author":[{"embeddable":true,"href":"https:\/\/www.campingjard.fr\/en\/wp-json\/wp\/v2\/users\/1"}],"replies":[{"embeddable":true,"href":"https:\/\/www.campingjard.fr\/en\/wp-json\/wp\/v2\/comments?post=1026"}],"version-history":[{"count":2,"href":"https:\/\/www.campingjard.fr\/en\/wp-json\/wp\/v2\/pages\/1026\/revisions"}],"predecessor-version":[{"id":1263,"href":"https:\/\/www.campingjard.fr\/en\/wp-json\/wp\/v2\/pages\/1026\/revisions\/1263"}],"wp:featuredmedia":[{"embeddable":true,"href":"https:\/\/www.campingjard.fr\/en\/wp-json\/wp\/v2\/media\/1015"}],"wp:attachment":[{"href":"https:\/\/www.campingjard.fr\/en\/wp-json\/wp\/v2\/media?parent=1026"}],"curies":[{"name":"wp","href":"https:\/\/api.w.org\/{rel}","templated":true}]}}