{"id":839,"date":"2025-04-01T11:01:09","date_gmt":"2025-04-01T09:01:09","guid":{"rendered":"https:\/\/www.campingjard.fr\/?page_id=839"},"modified":"2025-04-22T17:02:46","modified_gmt":"2025-04-22T15:02:46","slug":"jard-sur-mer","status":"publish","type":"page","link":"https:\/\/www.campingjard.fr\/en\/jard-sur-mer\/","title":{"rendered":"The seaside resort"},"content":{"rendered":"<div class=\"wp-block-stackable-columns alignfull stk-block-columns stk-block stk-12c4579 stk-block-background stk--has-background-overlay\" data-block-id=\"12c4579\"><style>.stk-12c4579 .stk--block-align-12c4579{align-items:center !important;}.stk-12c4579 {background-color:#00000000 !important;background-image:url(https:\/\/www.campingjard.fr\/wp-content\/uploads\/2025\/04\/14_sep_c-2.png) !important;background-position:bottom right !important;background-repeat:no-repeat !important;background-size:20% !important;margin-right:10% !important;margin-left:10% !important;}.stk-12c4579:before{background-color:#00000000 !important;opacity:0.5 !important;}.stk-12c4579-column{--stk-column-gap:13px !important;}@media screen and (max-width: 767px){.stk-12c4579 {padding-top:0px !important;padding-right:0px !important;padding-bottom:0px !important;padding-left:0px !important;}}<\/style><div class=\"stk-row stk-inner-blocks stk--block-align-12c4579 stk-block-content stk-content-align stk-12c4579-column alignwide\">\n<div class=\"wp-block-stackable-column stk-block-column stk-column stk-block stk-876d4e6\" data-v=\"4\" data-block-id=\"876d4e6\"><div class=\"stk-column-wrapper stk-block-column__content stk-container stk-876d4e6-container stk--no-background stk--no-padding\"><div class=\"stk-block-content stk-inner-blocks stk-876d4e6-inner-blocks\">\n<div class=\"wp-block-stackable-image stk-block-image stk-block stk-968c35d\" data-block-id=\"968c35d\"><style>.stk-968c35d {border-top-left-radius:31px !important;border-top-right-radius:31px !important;border-bottom-right-radius:0px !important;border-bottom-left-radius:0px !important;overflow:hidden !important;}.stk-968c35d .stk-img-wrapper{width:100% !important;height:426px !important;--stk-gradient-overlay:1 !important;}.stk-968c35d .stk-img-wrapper::after{background-image:linear-gradient(3deg,rgb(2,119,162) 0%,rgba(2,120,163,0) 41%) !important;}@media screen and (max-width: 767px){.stk-968c35d .stk-img-wrapper{height:300px !important;}}<\/style><figure><span class=\"stk-img-wrapper stk-image--shape-stretch\"><img loading=\"lazy\" decoding=\"async\" class=\"stk-img wp-image-847\" src=\"https:\/\/www.campingjard.fr\/wp-content\/uploads\/2025\/04\/1-Meilleur-camping-Jard-sur-Mer-2.jpg\" width=\"800\" height=\"533\" alt=\"the beautiful seaside resort of jard sur mer\" srcset=\"https:\/\/www.campingjard.fr\/wp-content\/uploads\/2025\/04\/1-Meilleur-camping-Jard-sur-Mer-2.jpg 800w, https:\/\/www.campingjard.fr\/wp-content\/uploads\/2025\/04\/1-Meilleur-camping-Jard-sur-Mer-2-300x200.jpg 300w, https:\/\/www.campingjard.fr\/wp-content\/uploads\/2025\/04\/1-Meilleur-camping-Jard-sur-Mer-2-768x512.jpg 768w, https:\/\/www.campingjard.fr\/wp-content\/uploads\/2025\/04\/1-Meilleur-camping-Jard-sur-Mer-2-500x333.jpg 500w\" sizes=\"auto, (max-width: 800px) 100vw, 800px\" \/><\/span><\/figure><\/div>\n<\/div><\/div><\/div>\n\n\n\n<div class=\"wp-block-stackable-column stk-block-column stk-column stk-block stk-b5fb555\" data-v=\"4\" data-block-id=\"b5fb555\"><div class=\"stk-column-wrapper stk-block-column__content stk-container stk-b5fb555-container stk--no-background stk--no-padding\"><div class=\"stk-block-content stk-inner-blocks stk-b5fb555-inner-blocks\">\n<h2 class=\"wp-block-heading has-large-font-size\" data-block-type=\"core\"><strong>Discover Jard-sur-Mer!<\/strong><\/h2>\n\n\n\n<div class=\"wp-block-stackable-text stk-block-text stk-block stk-83daf39\" data-block-id=\"83daf39\"><style>.stk-83daf39 .stk-block-text__text{font-size:16px !important;}@media screen and (max-width: 1023px){.stk-83daf39 .stk-block-text__text{font-size:16px !important;}}<\/style><p class=\"stk-block-text__text translation-block\">Come and discover Jard sur Mer, a jewel on the Vend\u00e9e coast where sun, sea and nature come together for an unforgettable holiday! <br><br>Wander through its charming little streets, relax on its fine sandy beaches, explore the wild beauty of the Pointe du Payr\u00e9 and enjoy the friendly atmosphere of its marina. <br><br>Between water sports activities, picturesque walks and lively markets, Jard sur Mer promises moments of pure happiness with family or friends. Let yourself be seduced by its authenticity and enchanting setting!<\/p><\/div>\n<\/div><\/div><\/div>\n<\/div><\/div>\n\n\n<div class=\"wp-block-visual-portfolio alignfull\">\n<div class=\"vp-portfolio vp-uid-84aef6e7 vp-id-2f3zt7\"\n\tdata-vp-layout=\"tiles\" data-vp-content-source=\"images\" data-vp-items-style=\"default\" data-vp-items-click-action=\"popup_gallery\" data-vp-items-gap=\"15\" data-vp-items-gap-vertical=\"\" data-vp-pagination=\"load-more\" data-vp-next-page-url=\"\" data-vp-tiles-type=\"4|1,1|\" >\n\t<div class=\"vp-portfolio__preloader-wrap\">\n\t\t<div class=\"vp-portfolio__preloader\">\n\t\t\t<img decoding=\"async\" loading=\"eager\" src=\"https:\/\/www.campingjard.fr\/wp-content\/plugins\/visual-portfolio\/assets\/images\/logo-dark.svg\" alt=\"Visual Portfolio, Posts &amp; Image Gallery for WordPress\" width=\"20\" height=\"20\" data-skip-lazy>\n\t\t<\/div>\n\t<\/div>\n\t\t<div class=\"vp-portfolio__items-wrap\">\n\t\t\t\n<div class=\"vp-portfolio__items vp-portfolio__items-style-default vp-portfolio__items-show-overlay-hover\">\n\n\t\t<div\t\tclass=\"vp-portfolio__item-wrap vp-portfolio__item-uid-770b801a\" data-vp-filter=\"\" \t\t>\n\t\t\t<template class=\"vp-portfolio__item-popup\" style=\"display: none\" data-vp-popup-img=\"https:\/\/www.campingjard.fr\/wp-content\/uploads\/2025\/04\/Jard-sur-Mer-5234-Personnalise.jpg\" data-vp-popup-img-srcset=\"https:\/\/www.campingjard.fr\/wp-content\/uploads\/2025\/04\/Jard-sur-Mer-5234-Personnalise.jpg 1000w, https:\/\/www.campingjard.fr\/wp-content\/uploads\/2025\/04\/Jard-sur-Mer-5234-Personnalise-300x200.jpg 300w, https:\/\/www.campingjard.fr\/wp-content\/uploads\/2025\/04\/Jard-sur-Mer-5234-Personnalise-768x512.jpg 768w, https:\/\/www.campingjard.fr\/wp-content\/uploads\/2025\/04\/Jard-sur-Mer-5234-Personnalise-500x334.jpg 500w, https:\/\/www.campingjard.fr\/wp-content\/uploads\/2025\/04\/Jard-sur-Mer-5234-Personnalise-800x534.jpg 800w\" data-vp-popup-img-size=\"1000x667\" data-vp-popup-md-img=\"https:\/\/www.campingjard.fr\/wp-content\/uploads\/2025\/04\/Jard-sur-Mer-5234-Personnalise-800x534.jpg\" data-vp-popup-md-img-size=\"800x534\" data-vp-popup-sm-img=\"https:\/\/www.campingjard.fr\/wp-content\/uploads\/2025\/04\/Jard-sur-Mer-5234-Personnalise-500x334.jpg\" data-vp-popup-sm-img-size=\"500x334\">\n\t<\/template>\n\t\t\t\t\t\t<figure class=\"vp-portfolio__item\">\n\t\t\t\t\n<div class=\"vp-portfolio__item-img-wrap\">\n\t<div class=\"vp-portfolio__item-img\">\n\t\t\t<a\n\t\thref=\"https:\/\/www.campingjard.fr\/wp-content\/uploads\/2025\/04\/Jard-sur-Mer-5234-Personnalise.jpg\"\n\t\taria-label=\"Open image\" \t>\n\t\n\t\t<noscript><img loading=\"lazy\" decoding=\"async\" width=\"1000\" height=\"667\" data-skip-lazy src=\"https:\/\/www.campingjard.fr\/wp-content\/uploads\/2025\/04\/Jard-sur-Mer-5234-Personnalise.jpg\" class=\"wp-image-859\" alt=\"port of jard sur mer\" srcset=\"https:\/\/www.campingjard.fr\/wp-content\/uploads\/2025\/04\/Jard-sur-Mer-5234-Personnalise.jpg 1000w, https:\/\/www.campingjard.fr\/wp-content\/uploads\/2025\/04\/Jard-sur-Mer-5234-Personnalise-300x200.jpg 300w, https:\/\/www.campingjard.fr\/wp-content\/uploads\/2025\/04\/Jard-sur-Mer-5234-Personnalise-768x512.jpg 768w, https:\/\/www.campingjard.fr\/wp-content\/uploads\/2025\/04\/Jard-sur-Mer-5234-Personnalise-500x334.jpg 500w, https:\/\/www.campingjard.fr\/wp-content\/uploads\/2025\/04\/Jard-sur-Mer-5234-Personnalise-800x534.jpg 800w\" sizes=\"auto, (max-width: 1000px) 100vw, 1000px\" \/><\/noscript><img fetchpriority=\"high\" decoding=\"async\" width=\"1000\" height=\"667\" src=\"https:\/\/www.campingjard.fr\/wp-content\/uploads\/2025\/04\/Jard-sur-Mer-5234-Personnalise.jpg\" class=\"wp-image-859 vp-lazyload\" alt=\"port of jard sur mer\" srcset=\"data:image\/svg+xml;base64,PHN2ZyB3aWR0aD0iMTAwMCIgaGVpZ2h0PSI2NjciIHZpZXdCb3g9IjAgMCAxMDAwIDY2NyIgZmlsbD0ibm9uZSIgeG1sbnM9Imh0dHA6Ly93d3cudzMub3JnLzIwMDAvc3ZnIj48L3N2Zz4=\" data-src=\"https:\/\/www.campingjard.fr\/wp-content\/uploads\/2025\/04\/Jard-sur-Mer-5234-Personnalise.jpg\" data-srcset=\"https:\/\/www.campingjard.fr\/wp-content\/uploads\/2025\/04\/Jard-sur-Mer-5234-Personnalise.jpg 1000w, https:\/\/www.campingjard.fr\/wp-content\/uploads\/2025\/04\/Jard-sur-Mer-5234-Personnalise-300x200.jpg 300w, https:\/\/www.campingjard.fr\/wp-content\/uploads\/2025\/04\/Jard-sur-Mer-5234-Personnalise-768x512.jpg 768w, https:\/\/www.campingjard.fr\/wp-content\/uploads\/2025\/04\/Jard-sur-Mer-5234-Personnalise-500x334.jpg 500w, https:\/\/www.campingjard.fr\/wp-content\/uploads\/2025\/04\/Jard-sur-Mer-5234-Personnalise-800x534.jpg 800w\" data-sizes=\"auto\" loading=\"eager\">\n\t\t<div class=\"vp-portfolio__item-overlay\">\n\t\t\t\t\t<\/div>\n\n\t\t<\/a>\t<\/div>\n<\/div>\n\n\t\t\t<\/figure>\n\t\t\t\t\t<\/div>\n\t\t\n\t\t<div\t\tclass=\"vp-portfolio__item-wrap vp-portfolio__item-uid-9d460c18\" data-vp-filter=\"\" \t\t>\n\t\t\t<template class=\"vp-portfolio__item-popup\" style=\"display: none\" data-vp-popup-img=\"https:\/\/www.campingjard.fr\/wp-content\/uploads\/2025\/04\/Jard-sur-Mer-5264-Personnalise.jpg\" data-vp-popup-img-srcset=\"https:\/\/www.campingjard.fr\/wp-content\/uploads\/2025\/04\/Jard-sur-Mer-5264-Personnalise.jpg 1000w, https:\/\/www.campingjard.fr\/wp-content\/uploads\/2025\/04\/Jard-sur-Mer-5264-Personnalise-300x200.jpg 300w, https:\/\/www.campingjard.fr\/wp-content\/uploads\/2025\/04\/Jard-sur-Mer-5264-Personnalise-768x512.jpg 768w, https:\/\/www.campingjard.fr\/wp-content\/uploads\/2025\/04\/Jard-sur-Mer-5264-Personnalise-500x334.jpg 500w, https:\/\/www.campingjard.fr\/wp-content\/uploads\/2025\/04\/Jard-sur-Mer-5264-Personnalise-800x534.jpg 800w\" data-vp-popup-img-size=\"1000x667\" data-vp-popup-md-img=\"https:\/\/www.campingjard.fr\/wp-content\/uploads\/2025\/04\/Jard-sur-Mer-5264-Personnalise-800x534.jpg\" data-vp-popup-md-img-size=\"800x534\" data-vp-popup-sm-img=\"https:\/\/www.campingjard.fr\/wp-content\/uploads\/2025\/04\/Jard-sur-Mer-5264-Personnalise-500x334.jpg\" data-vp-popup-sm-img-size=\"500x334\">\n\t<\/template>\n\t\t\t\t\t\t<figure class=\"vp-portfolio__item\">\n\t\t\t\t\n<div class=\"vp-portfolio__item-img-wrap\">\n\t<div class=\"vp-portfolio__item-img\">\n\t\t\t<a\n\t\thref=\"https:\/\/www.campingjard.fr\/wp-content\/uploads\/2025\/04\/Jard-sur-Mer-5264-Personnalise.jpg\"\n\t\taria-label=\"Open image\" \t>\n\t\n\t\t<noscript><img loading=\"lazy\" decoding=\"async\" width=\"1000\" height=\"667\" data-skip-lazy src=\"https:\/\/www.campingjard.fr\/wp-content\/uploads\/2025\/04\/Jard-sur-Mer-5264-Personnalise.jpg\" class=\"wp-image-860\" alt=\"a trip to jard sur mer\" srcset=\"https:\/\/www.campingjard.fr\/wp-content\/uploads\/2025\/04\/Jard-sur-Mer-5264-Personnalise.jpg 1000w, https:\/\/www.campingjard.fr\/wp-content\/uploads\/2025\/04\/Jard-sur-Mer-5264-Personnalise-300x200.jpg 300w, https:\/\/www.campingjard.fr\/wp-content\/uploads\/2025\/04\/Jard-sur-Mer-5264-Personnalise-768x512.jpg 768w, https:\/\/www.campingjard.fr\/wp-content\/uploads\/2025\/04\/Jard-sur-Mer-5264-Personnalise-500x334.jpg 500w, https:\/\/www.campingjard.fr\/wp-content\/uploads\/2025\/04\/Jard-sur-Mer-5264-Personnalise-800x534.jpg 800w\" sizes=\"auto, (max-width: 1000px) 100vw, 1000px\" \/><\/noscript><img decoding=\"async\" width=\"1000\" height=\"667\" src=\"https:\/\/www.campingjard.fr\/wp-content\/uploads\/2025\/04\/Jard-sur-Mer-5264-Personnalise.jpg\" class=\"wp-image-860 vp-lazyload\" alt=\"a trip to jard sur mer\" srcset=\"data:image\/svg+xml;base64,PHN2ZyB3aWR0aD0iMTAwMCIgaGVpZ2h0PSI2NjciIHZpZXdCb3g9IjAgMCAxMDAwIDY2NyIgZmlsbD0ibm9uZSIgeG1sbnM9Imh0dHA6Ly93d3cudzMub3JnLzIwMDAvc3ZnIj48L3N2Zz4=\" data-src=\"https:\/\/www.campingjard.fr\/wp-content\/uploads\/2025\/04\/Jard-sur-Mer-5264-Personnalise.jpg\" data-srcset=\"https:\/\/www.campingjard.fr\/wp-content\/uploads\/2025\/04\/Jard-sur-Mer-5264-Personnalise.jpg 1000w, https:\/\/www.campingjard.fr\/wp-content\/uploads\/2025\/04\/Jard-sur-Mer-5264-Personnalise-300x200.jpg 300w, https:\/\/www.campingjard.fr\/wp-content\/uploads\/2025\/04\/Jard-sur-Mer-5264-Personnalise-768x512.jpg 768w, https:\/\/www.campingjard.fr\/wp-content\/uploads\/2025\/04\/Jard-sur-Mer-5264-Personnalise-500x334.jpg 500w, https:\/\/www.campingjard.fr\/wp-content\/uploads\/2025\/04\/Jard-sur-Mer-5264-Personnalise-800x534.jpg 800w\" data-sizes=\"auto\" loading=\"eager\">\n\t\t<div class=\"vp-portfolio__item-overlay\">\n\t\t\t\t\t<\/div>\n\n\t\t<\/a>\t<\/div>\n<\/div>\n\n\t\t\t<\/figure>\n\t\t\t\t\t<\/div>\n\t\t\n\t\t<div\t\tclass=\"vp-portfolio__item-wrap vp-portfolio__item-uid-f8f49360\" data-vp-filter=\"\" \t\t>\n\t\t\t<template class=\"vp-portfolio__item-popup\" style=\"display: none\" data-vp-popup-img=\"https:\/\/www.campingjard.fr\/wp-content\/uploads\/2025\/04\/Aerienne-JardsurMer727-Personnalise.jpg\" data-vp-popup-img-srcset=\"https:\/\/www.campingjard.fr\/wp-content\/uploads\/2025\/04\/Aerienne-JardsurMer727-Personnalise.jpg 1000w, https:\/\/www.campingjard.fr\/wp-content\/uploads\/2025\/04\/Aerienne-JardsurMer727-Personnalise-300x200.jpg 300w, https:\/\/www.campingjard.fr\/wp-content\/uploads\/2025\/04\/Aerienne-JardsurMer727-Personnalise-768x511.jpg 768w, https:\/\/www.campingjard.fr\/wp-content\/uploads\/2025\/04\/Aerienne-JardsurMer727-Personnalise-500x333.jpg 500w, https:\/\/www.campingjard.fr\/wp-content\/uploads\/2025\/04\/Aerienne-JardsurMer727-Personnalise-800x533.jpg 800w\" data-vp-popup-img-size=\"1000x666\" data-vp-popup-md-img=\"https:\/\/www.campingjard.fr\/wp-content\/uploads\/2025\/04\/Aerienne-JardsurMer727-Personnalise-800x533.jpg\" data-vp-popup-md-img-size=\"800x533\" data-vp-popup-sm-img=\"https:\/\/www.campingjard.fr\/wp-content\/uploads\/2025\/04\/Aerienne-JardsurMer727-Personnalise-500x333.jpg\" data-vp-popup-sm-img-size=\"500x333\">\n\t<\/template>\n\t\t\t\t\t\t<figure class=\"vp-portfolio__item\">\n\t\t\t\t\n<div class=\"vp-portfolio__item-img-wrap\">\n\t<div class=\"vp-portfolio__item-img\">\n\t\t\t<a\n\t\thref=\"https:\/\/www.campingjard.fr\/wp-content\/uploads\/2025\/04\/Aerienne-JardsurMer727-Personnalise.jpg\"\n\t\taria-label=\"Open image\" \t>\n\t\n\t\t<noscript><img loading=\"lazy\" decoding=\"async\" width=\"1000\" height=\"666\" data-skip-lazy src=\"https:\/\/www.campingjard.fr\/wp-content\/uploads\/2025\/04\/Aerienne-JardsurMer727-Personnalise.jpg\" class=\"wp-image-861\" alt=\"jard sur mer in the vendee\" srcset=\"https:\/\/www.campingjard.fr\/wp-content\/uploads\/2025\/04\/Aerienne-JardsurMer727-Personnalise.jpg 1000w, https:\/\/www.campingjard.fr\/wp-content\/uploads\/2025\/04\/Aerienne-JardsurMer727-Personnalise-300x200.jpg 300w, https:\/\/www.campingjard.fr\/wp-content\/uploads\/2025\/04\/Aerienne-JardsurMer727-Personnalise-768x511.jpg 768w, https:\/\/www.campingjard.fr\/wp-content\/uploads\/2025\/04\/Aerienne-JardsurMer727-Personnalise-500x333.jpg 500w, https:\/\/www.campingjard.fr\/wp-content\/uploads\/2025\/04\/Aerienne-JardsurMer727-Personnalise-800x533.jpg 800w\" sizes=\"auto, (max-width: 1000px) 100vw, 1000px\" \/><\/noscript><img decoding=\"async\" width=\"1000\" height=\"666\" src=\"https:\/\/www.campingjard.fr\/wp-content\/uploads\/2025\/04\/Aerienne-JardsurMer727-Personnalise.jpg\" class=\"wp-image-861 vp-lazyload\" alt=\"jard sur mer in the vendee\" srcset=\"data:image\/svg+xml;base64,PHN2ZyB3aWR0aD0iMTAwMCIgaGVpZ2h0PSI2NjYiIHZpZXdCb3g9IjAgMCAxMDAwIDY2NiIgZmlsbD0ibm9uZSIgeG1sbnM9Imh0dHA6Ly93d3cudzMub3JnLzIwMDAvc3ZnIj48L3N2Zz4=\" data-src=\"https:\/\/www.campingjard.fr\/wp-content\/uploads\/2025\/04\/Aerienne-JardsurMer727-Personnalise.jpg\" data-srcset=\"https:\/\/www.campingjard.fr\/wp-content\/uploads\/2025\/04\/Aerienne-JardsurMer727-Personnalise.jpg 1000w, https:\/\/www.campingjard.fr\/wp-content\/uploads\/2025\/04\/Aerienne-JardsurMer727-Personnalise-300x200.jpg 300w, https:\/\/www.campingjard.fr\/wp-content\/uploads\/2025\/04\/Aerienne-JardsurMer727-Personnalise-768x511.jpg 768w, https:\/\/www.campingjard.fr\/wp-content\/uploads\/2025\/04\/Aerienne-JardsurMer727-Personnalise-500x333.jpg 500w, https:\/\/www.campingjard.fr\/wp-content\/uploads\/2025\/04\/Aerienne-JardsurMer727-Personnalise-800x533.jpg 800w\" data-sizes=\"auto\" loading=\"eager\">\n\t\t<div class=\"vp-portfolio__item-overlay\">\n\t\t\t\t\t<\/div>\n\n\t\t<\/a>\t<\/div>\n<\/div>\n\n\t\t\t<\/figure>\n\t\t\t\t\t<\/div>\n\t\t\n\t\t<div\t\tclass=\"vp-portfolio__item-wrap vp-portfolio__item-uid-d941a5bf\" data-vp-filter=\"\" \t\t>\n\t\t\t<template class=\"vp-portfolio__item-popup\" style=\"display: none\" data-vp-popup-img=\"https:\/\/www.campingjard.fr\/wp-content\/uploads\/2025\/04\/Printemps_PointeduPayre_Jard-Personnalise.jpg\" data-vp-popup-img-srcset=\"https:\/\/www.campingjard.fr\/wp-content\/uploads\/2025\/04\/Printemps_PointeduPayre_Jard-Personnalise.jpg 1000w, https:\/\/www.campingjard.fr\/wp-content\/uploads\/2025\/04\/Printemps_PointeduPayre_Jard-Personnalise-300x200.jpg 300w, https:\/\/www.campingjard.fr\/wp-content\/uploads\/2025\/04\/Printemps_PointeduPayre_Jard-Personnalise-768x512.jpg 768w, https:\/\/www.campingjard.fr\/wp-content\/uploads\/2025\/04\/Printemps_PointeduPayre_Jard-Personnalise-500x334.jpg 500w, https:\/\/www.campingjard.fr\/wp-content\/uploads\/2025\/04\/Printemps_PointeduPayre_Jard-Personnalise-800x534.jpg 800w\" data-vp-popup-img-size=\"1000x667\" data-vp-popup-md-img=\"https:\/\/www.campingjard.fr\/wp-content\/uploads\/2025\/04\/Printemps_PointeduPayre_Jard-Personnalise-800x534.jpg\" data-vp-popup-md-img-size=\"800x534\" data-vp-popup-sm-img=\"https:\/\/www.campingjard.fr\/wp-content\/uploads\/2025\/04\/Printemps_PointeduPayre_Jard-Personnalise-500x334.jpg\" data-vp-popup-sm-img-size=\"500x334\">\n\t<\/template>\n\t\t\t\t\t\t<figure class=\"vp-portfolio__item\">\n\t\t\t\t\n<div class=\"vp-portfolio__item-img-wrap\">\n\t<div class=\"vp-portfolio__item-img\">\n\t\t\t<a\n\t\thref=\"https:\/\/www.campingjard.fr\/wp-content\/uploads\/2025\/04\/Printemps_PointeduPayre_Jard-Personnalise.jpg\"\n\t\taria-label=\"Open image\" \t>\n\t\n\t\t<noscript><img loading=\"lazy\" decoding=\"async\" width=\"1000\" height=\"667\" data-skip-lazy src=\"https:\/\/www.campingjard.fr\/wp-content\/uploads\/2025\/04\/Printemps_PointeduPayre_Jard-Personnalise.jpg\" class=\"wp-image-862\" alt=\"pointe du payr\u00e9 at jard sur mer\" srcset=\"https:\/\/www.campingjard.fr\/wp-content\/uploads\/2025\/04\/Printemps_PointeduPayre_Jard-Personnalise.jpg 1000w, https:\/\/www.campingjard.fr\/wp-content\/uploads\/2025\/04\/Printemps_PointeduPayre_Jard-Personnalise-300x200.jpg 300w, https:\/\/www.campingjard.fr\/wp-content\/uploads\/2025\/04\/Printemps_PointeduPayre_Jard-Personnalise-768x512.jpg 768w, https:\/\/www.campingjard.fr\/wp-content\/uploads\/2025\/04\/Printemps_PointeduPayre_Jard-Personnalise-500x334.jpg 500w, https:\/\/www.campingjard.fr\/wp-content\/uploads\/2025\/04\/Printemps_PointeduPayre_Jard-Personnalise-800x534.jpg 800w\" sizes=\"auto, (max-width: 1000px) 100vw, 1000px\" \/><\/noscript><img decoding=\"async\" width=\"1000\" height=\"667\" src=\"https:\/\/www.campingjard.fr\/wp-content\/uploads\/2025\/04\/Printemps_PointeduPayre_Jard-Personnalise.jpg\" class=\"wp-image-862 vp-lazyload\" alt=\"pointe du payr\u00e9 at jard sur mer\" srcset=\"data:image\/svg+xml;base64,PHN2ZyB3aWR0aD0iMTAwMCIgaGVpZ2h0PSI2NjciIHZpZXdCb3g9IjAgMCAxMDAwIDY2NyIgZmlsbD0ibm9uZSIgeG1sbnM9Imh0dHA6Ly93d3cudzMub3JnLzIwMDAvc3ZnIj48L3N2Zz4=\" data-src=\"https:\/\/www.campingjard.fr\/wp-content\/uploads\/2025\/04\/Printemps_PointeduPayre_Jard-Personnalise.jpg\" data-srcset=\"https:\/\/www.campingjard.fr\/wp-content\/uploads\/2025\/04\/Printemps_PointeduPayre_Jard-Personnalise.jpg 1000w, https:\/\/www.campingjard.fr\/wp-content\/uploads\/2025\/04\/Printemps_PointeduPayre_Jard-Personnalise-300x200.jpg 300w, https:\/\/www.campingjard.fr\/wp-content\/uploads\/2025\/04\/Printemps_PointeduPayre_Jard-Personnalise-768x512.jpg 768w, https:\/\/www.campingjard.fr\/wp-content\/uploads\/2025\/04\/Printemps_PointeduPayre_Jard-Personnalise-500x334.jpg 500w, https:\/\/www.campingjard.fr\/wp-content\/uploads\/2025\/04\/Printemps_PointeduPayre_Jard-Personnalise-800x534.jpg 800w\" data-sizes=\"auto\" loading=\"eager\">\n\t\t<div class=\"vp-portfolio__item-overlay\">\n\t\t\t\t\t<\/div>\n\n\t\t<\/a>\t<\/div>\n<\/div>\n\n\t\t\t<\/figure>\n\t\t\t\t\t<\/div>\n\t\t\n<\/div>\n\t\t<\/div>\n\t\t\n<\/div>\n<\/div>","protected":false},"excerpt":{"rendered":"<p>D\u00e9couvrez Jard-sur-Mer ! Venez d\u00e9couvrir Jard sur Mer, un joyau de la c\u00f4te vend\u00e9enne o\u00f9 le soleil, la mer et la nature se rencontrent pour des vacances inoubliables ! Fl\u00e2nez dans ses ruelles charmantes, d\u00e9tendez-vous sur ses plages de sable fin, explorez la beaut\u00e9 sauvage de la Pointe du Payr\u00e9 et savourez l&rsquo;ambiance conviviale de [&hellip;]<\/p>\n","protected":false},"author":1,"featured_media":864,"parent":0,"menu_order":0,"comment_status":"closed","ping_status":"closed","template":"pages-du-site","meta":{"_acf_changed":false,"_seopress_robots_primary_cat":"","_seopress_titles_title":"D\u00e9couvrez la station baln\u00e9aire de Jard sur Mer","_seopress_titles_desc":"Profitez de votre s\u00e9jour pour faire un tour \u00e0 Jard sur Mer et appr\u00e9ciez sa beaut\u00e9 !","_seopress_robots_index":"","_vp_format_video_url":"","_vp_image_focal_point":[],"footnotes":""},"class_list":["post-839","page","type-page","status-publish","has-post-thumbnail","hentry"],"acf":[],"_links":{"self":[{"href":"https:\/\/www.campingjard.fr\/en\/wp-json\/wp\/v2\/pages\/839","targetHints":{"allow":["GET"]}}],"collection":[{"href":"https:\/\/www.campingjard.fr\/en\/wp-json\/wp\/v2\/pages"}],"about":[{"href":"https:\/\/www.campingjard.fr\/en\/wp-json\/wp\/v2\/types\/page"}],"author":[{"embeddable":true,"href":"https:\/\/www.campingjard.fr\/en\/wp-json\/wp\/v2\/users\/1"}],"replies":[{"embeddable":true,"href":"https:\/\/www.campingjard.fr\/en\/wp-json\/wp\/v2\/comments?post=839"}],"version-history":[{"count":18,"href":"https:\/\/www.campingjard.fr\/en\/wp-json\/wp\/v2\/pages\/839\/revisions"}],"predecessor-version":[{"id":236459,"href":"https:\/\/www.campingjard.fr\/en\/wp-json\/wp\/v2\/pages\/839\/revisions\/236459"}],"wp:featuredmedia":[{"embeddable":true,"href":"https:\/\/www.campingjard.fr\/en\/wp-json\/wp\/v2\/media\/864"}],"wp:attachment":[{"href":"https:\/\/www.campingjard.fr\/en\/wp-json\/wp\/v2\/media?parent=839"}],"curies":[{"name":"wp","href":"https:\/\/api.w.org\/{rel}","templated":true}]}}