{"id":928,"date":"2025-04-02T11:04:34","date_gmt":"2025-04-02T09:04:34","guid":{"rendered":"https:\/\/www.campingjard.fr\/?page_id=928"},"modified":"2025-04-22T16:40:59","modified_gmt":"2025-04-22T14:40:59","slug":"lile-de-re","status":"publish","type":"page","link":"https:\/\/www.campingjard.fr\/en\/lile-de-re\/","title":{"rendered":"\u00cele de R\u00e9"},"content":{"rendered":"<div class=\"wp-block-stackable-columns alignfull stk-block-columns stk-block stk-12c4579 stk-block-background stk--has-background-overlay\" data-block-id=\"12c4579\"><style>.stk-12c4579 .stk--block-align-12c4579{align-items:center !important;}.stk-12c4579 {background-color:#00000000 !important;background-image:url(https:\/\/www.campingjard.fr\/wp-content\/uploads\/2025\/04\/14_sep_c-2.png) !important;background-position:bottom right !important;background-repeat:no-repeat !important;background-size:20% !important;margin-right:10% !important;margin-left:10% !important;}.stk-12c4579:before{background-color:#00000000 !important;opacity:0.5 !important;}.stk-12c4579-column{--stk-column-gap:13px !important;}@media screen and (max-width: 767px){.stk-12c4579 {padding-top:0px !important;padding-right:0px !important;padding-bottom:0px !important;padding-left:0px !important;}}<\/style><div class=\"stk-row stk-inner-blocks stk--block-align-12c4579 stk-block-content stk-content-align stk-12c4579-column alignwide\">\n<div class=\"wp-block-stackable-column stk-block-column stk-column stk-block stk-876d4e6\" data-v=\"4\" data-block-id=\"876d4e6\"><div class=\"stk-column-wrapper stk-block-column__content stk-container stk-876d4e6-container stk--no-background stk--no-padding\"><div class=\"stk-block-content stk-inner-blocks stk-876d4e6-inner-blocks\">\n<div class=\"wp-block-stackable-image stk-block-image stk-block stk-968c35d\" data-block-id=\"968c35d\"><style>.stk-968c35d {border-top-left-radius:31px !important;border-top-right-radius:31px !important;border-bottom-right-radius:0px !important;border-bottom-left-radius:0px !important;overflow:hidden !important;}.stk-968c35d .stk-img-wrapper{width:100% !important;height:426px !important;--stk-gradient-overlay:1 !important;}.stk-968c35d .stk-img-wrapper::after{background-image:linear-gradient(3deg,rgb(2,119,162) 0%,rgba(2,120,163,0) 41%) !important;}@media screen and (max-width: 767px){.stk-968c35d .stk-img-wrapper{height:300px !important;}}<\/style><figure><span class=\"stk-img-wrapper stk-image--shape-stretch\"><img loading=\"lazy\" decoding=\"async\" class=\"stk-img wp-image-931\" src=\"https:\/\/www.campingjard.fr\/wp-content\/uploads\/2025\/04\/ile-de-re-du-cote-lizay-IMG_5162-Personnalise.jpg\" width=\"1000\" height=\"667\" alt=\"ile de r\u00e9 near vend\u00e9e\" srcset=\"https:\/\/www.campingjard.fr\/wp-content\/uploads\/2025\/04\/ile-de-re-du-cote-lizay-IMG_5162-Personnalise.jpg 1000w, https:\/\/www.campingjard.fr\/wp-content\/uploads\/2025\/04\/ile-de-re-du-cote-lizay-IMG_5162-Personnalise-300x200.jpg 300w, https:\/\/www.campingjard.fr\/wp-content\/uploads\/2025\/04\/ile-de-re-du-cote-lizay-IMG_5162-Personnalise-768x512.jpg 768w, https:\/\/www.campingjard.fr\/wp-content\/uploads\/2025\/04\/ile-de-re-du-cote-lizay-IMG_5162-Personnalise-500x334.jpg 500w, https:\/\/www.campingjard.fr\/wp-content\/uploads\/2025\/04\/ile-de-re-du-cote-lizay-IMG_5162-Personnalise-800x534.jpg 800w\" sizes=\"auto, (max-width: 1000px) 100vw, 1000px\" \/><\/span><\/figure><\/div>\n<\/div><\/div><\/div>\n\n\n\n<div class=\"wp-block-stackable-column stk-block-column stk-column stk-block stk-b5fb555\" data-v=\"4\" data-block-id=\"b5fb555\"><div class=\"stk-column-wrapper stk-block-column__content stk-container stk-b5fb555-container stk--no-background stk--no-padding\"><div class=\"stk-block-content stk-inner-blocks stk-b5fb555-inner-blocks\">\n<div class=\"wp-block-stackable-text stk-block-text stk-block stk-83daf39\" data-block-id=\"83daf39\"><style>.stk-83daf39 .stk-block-text__text{font-size:16px !important;}@media screen and (max-width: 1023px){.stk-83daf39 .stk-block-text__text{font-size:16px !important;}}<\/style><p class=\"stk-block-text__text translation-block\">There's no need to introduce this island, which enjoys a high profile.<br><br>Of course, its reputation is well deserved, given its many assets and infinite charm. <br><br>The villages are magnificent (Saint Martin de R\u00e9, Sainte-Marie-de-R\u00e9...) the hollyhocks and white houses are the symbols of this well-kept and preserved paradise.<br><br>A visit to this paradise is a must for a family day out. As with the <a href=\"https:\/\/www.campingjard.fr\/en\/the-vendean-islands\/\" data-type=\"page\" data-id=\"915\" target=\"_self\">Ile d'Yeu<\/a>, we recommend hiring bikes to tour the island and take full advantage of the scenery on offer.<\/p><\/div>\n\n\n\n<h2 class=\"wp-block-heading has-large-font-size\" data-block-type=\"core\"><strong>The island of R\u00e9 awaits you<\/strong><\/h2>\n\n\n\n<div class=\"wp-block-stackable-text stk-block-text stk-block stk-492ba6e\" data-block-id=\"492ba6e\"><style>.stk-492ba6e .stk-block-text__text{font-size:16px !important;}@media screen and (max-width: 1023px){.stk-492ba6e .stk-block-text__text{font-size:16px !important;}}<\/style><p class=\"stk-block-text__text translation-block\">Just 1\/4 hour from Jard sur Mer, in July and August you can go directly to Saint Martin de R\u00e9 via the pier at La Tranche sur Mer with the Inter-Iles speedboats, you can also visit the Ile d'Aix, Fort Boyard, <a href=\"https:\/\/www.campingjard.fr\/en\/la-rochelle\/\" data-type=\"page\" data-id=\"975\" target=\"_self\">la Rochelle<\/a>.<\/p><\/div>\n<\/div><\/div><\/div>\n<\/div><\/div>\n\n\n<div class=\"wp-block-visual-portfolio alignfull\">\n<div class=\"vp-portfolio vp-uid-96116a05 vp-id-Z2sq0Ac\"\n\tdata-vp-layout=\"tiles\" data-vp-content-source=\"images\" data-vp-items-style=\"default\" data-vp-items-click-action=\"popup_gallery\" data-vp-items-gap=\"15\" data-vp-items-gap-vertical=\"\" data-vp-pagination=\"load-more\" data-vp-next-page-url=\"\" data-vp-tiles-type=\"4|1,1|\" >\n\t<div class=\"vp-portfolio__preloader-wrap\">\n\t\t<div class=\"vp-portfolio__preloader\">\n\t\t\t<img decoding=\"async\" loading=\"eager\" src=\"https:\/\/www.campingjard.fr\/wp-content\/plugins\/visual-portfolio\/assets\/images\/logo-dark.svg\" alt=\"Visual Portfolio, Posts &amp; Image Gallery for WordPress\" width=\"20\" height=\"20\" data-skip-lazy>\n\t\t<\/div>\n\t<\/div>\n\t\t<div class=\"vp-portfolio__items-wrap\">\n\t\t\t\n<div class=\"vp-portfolio__items vp-portfolio__items-style-default vp-portfolio__items-show-overlay-hover\">\n\n\t\t<div\t\tclass=\"vp-portfolio__item-wrap vp-portfolio__item-uid-b7419423\" data-vp-filter=\"\" \t\t>\n\t\t\t<template class=\"vp-portfolio__item-popup\" style=\"display: none\" data-vp-popup-img=\"https:\/\/www.campingjard.fr\/wp-content\/uploads\/2025\/04\/lautre-pays-du-velo-IMG_9290-Personnalise.jpg\" data-vp-popup-img-srcset=\"https:\/\/www.campingjard.fr\/wp-content\/uploads\/2025\/04\/lautre-pays-du-velo-IMG_9290-Personnalise.jpg 1000w, https:\/\/www.campingjard.fr\/wp-content\/uploads\/2025\/04\/lautre-pays-du-velo-IMG_9290-Personnalise-300x200.jpg 300w, https:\/\/www.campingjard.fr\/wp-content\/uploads\/2025\/04\/lautre-pays-du-velo-IMG_9290-Personnalise-768x512.jpg 768w, https:\/\/www.campingjard.fr\/wp-content\/uploads\/2025\/04\/lautre-pays-du-velo-IMG_9290-Personnalise-500x334.jpg 500w, https:\/\/www.campingjard.fr\/wp-content\/uploads\/2025\/04\/lautre-pays-du-velo-IMG_9290-Personnalise-800x534.jpg 800w\" data-vp-popup-img-size=\"1000x667\" data-vp-popup-md-img=\"https:\/\/www.campingjard.fr\/wp-content\/uploads\/2025\/04\/lautre-pays-du-velo-IMG_9290-Personnalise-800x534.jpg\" data-vp-popup-md-img-size=\"800x534\" data-vp-popup-sm-img=\"https:\/\/www.campingjard.fr\/wp-content\/uploads\/2025\/04\/lautre-pays-du-velo-IMG_9290-Personnalise-500x334.jpg\" data-vp-popup-sm-img-size=\"500x334\">\n\t<\/template>\n\t\t\t\t\t\t<figure class=\"vp-portfolio__item\">\n\t\t\t\t\n<div class=\"vp-portfolio__item-img-wrap\">\n\t<div class=\"vp-portfolio__item-img\">\n\t\t\t<a\n\t\thref=\"https:\/\/www.campingjard.fr\/wp-content\/uploads\/2025\/04\/lautre-pays-du-velo-IMG_9290-Personnalise.jpg\"\n\t\taria-label=\"Open image\" \t>\n\t\n\t\t<noscript><img loading=\"lazy\" decoding=\"async\" width=\"1000\" height=\"667\" data-skip-lazy src=\"https:\/\/www.campingjard.fr\/wp-content\/uploads\/2025\/04\/lautre-pays-du-velo-IMG_9290-Personnalise.jpg\" class=\"wp-image-932\" alt=\"cycling on the ile de r\u00e9\" srcset=\"https:\/\/www.campingjard.fr\/wp-content\/uploads\/2025\/04\/lautre-pays-du-velo-IMG_9290-Personnalise.jpg 1000w, https:\/\/www.campingjard.fr\/wp-content\/uploads\/2025\/04\/lautre-pays-du-velo-IMG_9290-Personnalise-300x200.jpg 300w, https:\/\/www.campingjard.fr\/wp-content\/uploads\/2025\/04\/lautre-pays-du-velo-IMG_9290-Personnalise-768x512.jpg 768w, https:\/\/www.campingjard.fr\/wp-content\/uploads\/2025\/04\/lautre-pays-du-velo-IMG_9290-Personnalise-500x334.jpg 500w, https:\/\/www.campingjard.fr\/wp-content\/uploads\/2025\/04\/lautre-pays-du-velo-IMG_9290-Personnalise-800x534.jpg 800w\" sizes=\"auto, (max-width: 1000px) 100vw, 1000px\" \/><\/noscript><img fetchpriority=\"high\" decoding=\"async\" width=\"1000\" height=\"667\" src=\"https:\/\/www.campingjard.fr\/wp-content\/uploads\/2025\/04\/lautre-pays-du-velo-IMG_9290-Personnalise.jpg\" class=\"wp-image-932 vp-lazyload\" alt=\"cycling on the ile de r\u00e9\" srcset=\"data:image\/svg+xml;base64,PHN2ZyB3aWR0aD0iMTAwMCIgaGVpZ2h0PSI2NjciIHZpZXdCb3g9IjAgMCAxMDAwIDY2NyIgZmlsbD0ibm9uZSIgeG1sbnM9Imh0dHA6Ly93d3cudzMub3JnLzIwMDAvc3ZnIj48L3N2Zz4=\" data-src=\"https:\/\/www.campingjard.fr\/wp-content\/uploads\/2025\/04\/lautre-pays-du-velo-IMG_9290-Personnalise.jpg\" data-srcset=\"https:\/\/www.campingjard.fr\/wp-content\/uploads\/2025\/04\/lautre-pays-du-velo-IMG_9290-Personnalise.jpg 1000w, https:\/\/www.campingjard.fr\/wp-content\/uploads\/2025\/04\/lautre-pays-du-velo-IMG_9290-Personnalise-300x200.jpg 300w, https:\/\/www.campingjard.fr\/wp-content\/uploads\/2025\/04\/lautre-pays-du-velo-IMG_9290-Personnalise-768x512.jpg 768w, https:\/\/www.campingjard.fr\/wp-content\/uploads\/2025\/04\/lautre-pays-du-velo-IMG_9290-Personnalise-500x334.jpg 500w, https:\/\/www.campingjard.fr\/wp-content\/uploads\/2025\/04\/lautre-pays-du-velo-IMG_9290-Personnalise-800x534.jpg 800w\" data-sizes=\"auto\" loading=\"eager\">\n\t\t<div class=\"vp-portfolio__item-overlay\">\n\t\t\t\t\t<\/div>\n\n\t\t<\/a>\t<\/div>\n<\/div>\n\n\t\t\t<\/figure>\n\t\t\t\t\t<\/div>\n\t\t\n\t\t<div\t\tclass=\"vp-portfolio__item-wrap vp-portfolio__item-uid-78fac3d0\" data-vp-filter=\"\" \t\t>\n\t\t\t<template class=\"vp-portfolio__item-popup\" style=\"display: none\" data-vp-popup-img=\"https:\/\/www.campingjard.fr\/wp-content\/uploads\/2025\/04\/photo-pont-de-lile-de-re-Personnalise.jpg\" data-vp-popup-img-srcset=\"https:\/\/www.campingjard.fr\/wp-content\/uploads\/2025\/04\/photo-pont-de-lile-de-re-Personnalise.jpg 1000w, https:\/\/www.campingjard.fr\/wp-content\/uploads\/2025\/04\/photo-pont-de-lile-de-re-Personnalise-300x200.jpg 300w, https:\/\/www.campingjard.fr\/wp-content\/uploads\/2025\/04\/photo-pont-de-lile-de-re-Personnalise-768x512.jpg 768w, https:\/\/www.campingjard.fr\/wp-content\/uploads\/2025\/04\/photo-pont-de-lile-de-re-Personnalise-500x334.jpg 500w, https:\/\/www.campingjard.fr\/wp-content\/uploads\/2025\/04\/photo-pont-de-lile-de-re-Personnalise-800x534.jpg 800w\" data-vp-popup-img-size=\"1000x667\" data-vp-popup-md-img=\"https:\/\/www.campingjard.fr\/wp-content\/uploads\/2025\/04\/photo-pont-de-lile-de-re-Personnalise-800x534.jpg\" data-vp-popup-md-img-size=\"800x534\" data-vp-popup-sm-img=\"https:\/\/www.campingjard.fr\/wp-content\/uploads\/2025\/04\/photo-pont-de-lile-de-re-Personnalise-500x334.jpg\" data-vp-popup-sm-img-size=\"500x334\">\n\t<\/template>\n\t\t\t\t\t\t<figure class=\"vp-portfolio__item\">\n\t\t\t\t\n<div class=\"vp-portfolio__item-img-wrap\">\n\t<div class=\"vp-portfolio__item-img\">\n\t\t\t<a\n\t\thref=\"https:\/\/www.campingjard.fr\/wp-content\/uploads\/2025\/04\/photo-pont-de-lile-de-re-Personnalise.jpg\"\n\t\taria-label=\"Open image\" \t>\n\t\n\t\t<noscript><img loading=\"lazy\" decoding=\"async\" width=\"1000\" height=\"667\" data-skip-lazy src=\"https:\/\/www.campingjard.fr\/wp-content\/uploads\/2025\/04\/photo-pont-de-lile-de-re-Personnalise.jpg\" class=\"wp-image-933\" alt=\"\u00eele de r\u00e9 bridge\" srcset=\"https:\/\/www.campingjard.fr\/wp-content\/uploads\/2025\/04\/photo-pont-de-lile-de-re-Personnalise.jpg 1000w, https:\/\/www.campingjard.fr\/wp-content\/uploads\/2025\/04\/photo-pont-de-lile-de-re-Personnalise-300x200.jpg 300w, https:\/\/www.campingjard.fr\/wp-content\/uploads\/2025\/04\/photo-pont-de-lile-de-re-Personnalise-768x512.jpg 768w, https:\/\/www.campingjard.fr\/wp-content\/uploads\/2025\/04\/photo-pont-de-lile-de-re-Personnalise-500x334.jpg 500w, https:\/\/www.campingjard.fr\/wp-content\/uploads\/2025\/04\/photo-pont-de-lile-de-re-Personnalise-800x534.jpg 800w\" sizes=\"auto, (max-width: 1000px) 100vw, 1000px\" \/><\/noscript><img decoding=\"async\" width=\"1000\" height=\"667\" src=\"https:\/\/www.campingjard.fr\/wp-content\/uploads\/2025\/04\/photo-pont-de-lile-de-re-Personnalise.jpg\" class=\"wp-image-933 vp-lazyload\" alt=\"\u00eele de r\u00e9 bridge\" srcset=\"data:image\/svg+xml;base64,PHN2ZyB3aWR0aD0iMTAwMCIgaGVpZ2h0PSI2NjciIHZpZXdCb3g9IjAgMCAxMDAwIDY2NyIgZmlsbD0ibm9uZSIgeG1sbnM9Imh0dHA6Ly93d3cudzMub3JnLzIwMDAvc3ZnIj48L3N2Zz4=\" data-src=\"https:\/\/www.campingjard.fr\/wp-content\/uploads\/2025\/04\/photo-pont-de-lile-de-re-Personnalise.jpg\" data-srcset=\"https:\/\/www.campingjard.fr\/wp-content\/uploads\/2025\/04\/photo-pont-de-lile-de-re-Personnalise.jpg 1000w, https:\/\/www.campingjard.fr\/wp-content\/uploads\/2025\/04\/photo-pont-de-lile-de-re-Personnalise-300x200.jpg 300w, https:\/\/www.campingjard.fr\/wp-content\/uploads\/2025\/04\/photo-pont-de-lile-de-re-Personnalise-768x512.jpg 768w, https:\/\/www.campingjard.fr\/wp-content\/uploads\/2025\/04\/photo-pont-de-lile-de-re-Personnalise-500x334.jpg 500w, https:\/\/www.campingjard.fr\/wp-content\/uploads\/2025\/04\/photo-pont-de-lile-de-re-Personnalise-800x534.jpg 800w\" data-sizes=\"auto\" loading=\"eager\">\n\t\t<div class=\"vp-portfolio__item-overlay\">\n\t\t\t\t\t<\/div>\n\n\t\t<\/a>\t<\/div>\n<\/div>\n\n\t\t\t<\/figure>\n\t\t\t\t\t<\/div>\n\t\t\n\t\t<div\t\tclass=\"vp-portfolio__item-wrap vp-portfolio__item-uid-f42bf99d\" data-vp-filter=\"\" \t\t>\n\t\t\t<template class=\"vp-portfolio__item-popup\" style=\"display: none\" data-vp-popup-img=\"https:\/\/www.campingjard.fr\/wp-content\/uploads\/2025\/04\/ile-de-re-village-des-portes-IMG_5074-Personnalise.jpg\" data-vp-popup-img-srcset=\"https:\/\/www.campingjard.fr\/wp-content\/uploads\/2025\/04\/ile-de-re-village-des-portes-IMG_5074-Personnalise.jpg 1000w, https:\/\/www.campingjard.fr\/wp-content\/uploads\/2025\/04\/ile-de-re-village-des-portes-IMG_5074-Personnalise-300x200.jpg 300w, https:\/\/www.campingjard.fr\/wp-content\/uploads\/2025\/04\/ile-de-re-village-des-portes-IMG_5074-Personnalise-768x512.jpg 768w, https:\/\/www.campingjard.fr\/wp-content\/uploads\/2025\/04\/ile-de-re-village-des-portes-IMG_5074-Personnalise-500x334.jpg 500w, https:\/\/www.campingjard.fr\/wp-content\/uploads\/2025\/04\/ile-de-re-village-des-portes-IMG_5074-Personnalise-800x534.jpg 800w\" data-vp-popup-img-size=\"1000x667\" data-vp-popup-md-img=\"https:\/\/www.campingjard.fr\/wp-content\/uploads\/2025\/04\/ile-de-re-village-des-portes-IMG_5074-Personnalise-800x534.jpg\" data-vp-popup-md-img-size=\"800x534\" data-vp-popup-sm-img=\"https:\/\/www.campingjard.fr\/wp-content\/uploads\/2025\/04\/ile-de-re-village-des-portes-IMG_5074-Personnalise-500x334.jpg\" data-vp-popup-sm-img-size=\"500x334\">\n\t<\/template>\n\t\t\t\t\t\t<figure class=\"vp-portfolio__item\">\n\t\t\t\t\n<div class=\"vp-portfolio__item-img-wrap\">\n\t<div class=\"vp-portfolio__item-img\">\n\t\t\t<a\n\t\thref=\"https:\/\/www.campingjard.fr\/wp-content\/uploads\/2025\/04\/ile-de-re-village-des-portes-IMG_5074-Personnalise.jpg\"\n\t\taria-label=\"Open image\" \t>\n\t\n\t\t<noscript><img loading=\"lazy\" decoding=\"async\" width=\"1000\" height=\"667\" data-skip-lazy src=\"https:\/\/www.campingjard.fr\/wp-content\/uploads\/2025\/04\/ile-de-re-village-des-portes-IMG_5074-Personnalise.jpg\" class=\"wp-image-934\" alt=\"village on the ile de r\u00e9\" srcset=\"https:\/\/www.campingjard.fr\/wp-content\/uploads\/2025\/04\/ile-de-re-village-des-portes-IMG_5074-Personnalise.jpg 1000w, https:\/\/www.campingjard.fr\/wp-content\/uploads\/2025\/04\/ile-de-re-village-des-portes-IMG_5074-Personnalise-300x200.jpg 300w, https:\/\/www.campingjard.fr\/wp-content\/uploads\/2025\/04\/ile-de-re-village-des-portes-IMG_5074-Personnalise-768x512.jpg 768w, https:\/\/www.campingjard.fr\/wp-content\/uploads\/2025\/04\/ile-de-re-village-des-portes-IMG_5074-Personnalise-500x334.jpg 500w, https:\/\/www.campingjard.fr\/wp-content\/uploads\/2025\/04\/ile-de-re-village-des-portes-IMG_5074-Personnalise-800x534.jpg 800w\" sizes=\"auto, (max-width: 1000px) 100vw, 1000px\" \/><\/noscript><img decoding=\"async\" width=\"1000\" height=\"667\" src=\"https:\/\/www.campingjard.fr\/wp-content\/uploads\/2025\/04\/ile-de-re-village-des-portes-IMG_5074-Personnalise.jpg\" class=\"wp-image-934 vp-lazyload\" alt=\"village on the ile de r\u00e9\" srcset=\"data:image\/svg+xml;base64,PHN2ZyB3aWR0aD0iMTAwMCIgaGVpZ2h0PSI2NjciIHZpZXdCb3g9IjAgMCAxMDAwIDY2NyIgZmlsbD0ibm9uZSIgeG1sbnM9Imh0dHA6Ly93d3cudzMub3JnLzIwMDAvc3ZnIj48L3N2Zz4=\" data-src=\"https:\/\/www.campingjard.fr\/wp-content\/uploads\/2025\/04\/ile-de-re-village-des-portes-IMG_5074-Personnalise.jpg\" data-srcset=\"https:\/\/www.campingjard.fr\/wp-content\/uploads\/2025\/04\/ile-de-re-village-des-portes-IMG_5074-Personnalise.jpg 1000w, https:\/\/www.campingjard.fr\/wp-content\/uploads\/2025\/04\/ile-de-re-village-des-portes-IMG_5074-Personnalise-300x200.jpg 300w, https:\/\/www.campingjard.fr\/wp-content\/uploads\/2025\/04\/ile-de-re-village-des-portes-IMG_5074-Personnalise-768x512.jpg 768w, https:\/\/www.campingjard.fr\/wp-content\/uploads\/2025\/04\/ile-de-re-village-des-portes-IMG_5074-Personnalise-500x334.jpg 500w, https:\/\/www.campingjard.fr\/wp-content\/uploads\/2025\/04\/ile-de-re-village-des-portes-IMG_5074-Personnalise-800x534.jpg 800w\" data-sizes=\"auto\" loading=\"eager\">\n\t\t<div class=\"vp-portfolio__item-overlay\">\n\t\t\t\t\t<\/div>\n\n\t\t<\/a>\t<\/div>\n<\/div>\n\n\t\t\t<\/figure>\n\t\t\t\t\t<\/div>\n\t\t\n\t\t<div\t\tclass=\"vp-portfolio__item-wrap vp-portfolio__item-uid-3b90ae6e\" data-vp-filter=\"\" \t\t>\n\t\t\t<template class=\"vp-portfolio__item-popup\" style=\"display: none\" data-vp-popup-img=\"https:\/\/www.campingjard.fr\/wp-content\/uploads\/2025\/04\/rivedoux-plage-IMG_7991-Personnalise.jpg\" data-vp-popup-img-srcset=\"https:\/\/www.campingjard.fr\/wp-content\/uploads\/2025\/04\/rivedoux-plage-IMG_7991-Personnalise.jpg 1000w, https:\/\/www.campingjard.fr\/wp-content\/uploads\/2025\/04\/rivedoux-plage-IMG_7991-Personnalise-300x200.jpg 300w, https:\/\/www.campingjard.fr\/wp-content\/uploads\/2025\/04\/rivedoux-plage-IMG_7991-Personnalise-768x512.jpg 768w, https:\/\/www.campingjard.fr\/wp-content\/uploads\/2025\/04\/rivedoux-plage-IMG_7991-Personnalise-500x334.jpg 500w, https:\/\/www.campingjard.fr\/wp-content\/uploads\/2025\/04\/rivedoux-plage-IMG_7991-Personnalise-800x534.jpg 800w\" data-vp-popup-img-size=\"1000x667\" data-vp-popup-md-img=\"https:\/\/www.campingjard.fr\/wp-content\/uploads\/2025\/04\/rivedoux-plage-IMG_7991-Personnalise-800x534.jpg\" data-vp-popup-md-img-size=\"800x534\" data-vp-popup-sm-img=\"https:\/\/www.campingjard.fr\/wp-content\/uploads\/2025\/04\/rivedoux-plage-IMG_7991-Personnalise-500x334.jpg\" data-vp-popup-sm-img-size=\"500x334\">\n\t<\/template>\n\t\t\t\t\t\t<figure class=\"vp-portfolio__item\">\n\t\t\t\t\n<div class=\"vp-portfolio__item-img-wrap\">\n\t<div class=\"vp-portfolio__item-img\">\n\t\t\t<a\n\t\thref=\"https:\/\/www.campingjard.fr\/wp-content\/uploads\/2025\/04\/rivedoux-plage-IMG_7991-Personnalise.jpg\"\n\t\taria-label=\"Open image\" \t>\n\t\n\t\t<noscript><img loading=\"lazy\" decoding=\"async\" width=\"1000\" height=\"667\" data-skip-lazy src=\"https:\/\/www.campingjard.fr\/wp-content\/uploads\/2025\/04\/rivedoux-plage-IMG_7991-Personnalise.jpg\" class=\"wp-image-935\" alt=\"ile de r\u00e9\" srcset=\"https:\/\/www.campingjard.fr\/wp-content\/uploads\/2025\/04\/rivedoux-plage-IMG_7991-Personnalise.jpg 1000w, https:\/\/www.campingjard.fr\/wp-content\/uploads\/2025\/04\/rivedoux-plage-IMG_7991-Personnalise-300x200.jpg 300w, https:\/\/www.campingjard.fr\/wp-content\/uploads\/2025\/04\/rivedoux-plage-IMG_7991-Personnalise-768x512.jpg 768w, https:\/\/www.campingjard.fr\/wp-content\/uploads\/2025\/04\/rivedoux-plage-IMG_7991-Personnalise-500x334.jpg 500w, https:\/\/www.campingjard.fr\/wp-content\/uploads\/2025\/04\/rivedoux-plage-IMG_7991-Personnalise-800x534.jpg 800w\" sizes=\"auto, (max-width: 1000px) 100vw, 1000px\" \/><\/noscript><img decoding=\"async\" width=\"1000\" height=\"667\" src=\"https:\/\/www.campingjard.fr\/wp-content\/uploads\/2025\/04\/rivedoux-plage-IMG_7991-Personnalise.jpg\" class=\"wp-image-935 vp-lazyload\" alt=\"ile de r\u00e9\" srcset=\"data:image\/svg+xml;base64,PHN2ZyB3aWR0aD0iMTAwMCIgaGVpZ2h0PSI2NjciIHZpZXdCb3g9IjAgMCAxMDAwIDY2NyIgZmlsbD0ibm9uZSIgeG1sbnM9Imh0dHA6Ly93d3cudzMub3JnLzIwMDAvc3ZnIj48L3N2Zz4=\" data-src=\"https:\/\/www.campingjard.fr\/wp-content\/uploads\/2025\/04\/rivedoux-plage-IMG_7991-Personnalise.jpg\" data-srcset=\"https:\/\/www.campingjard.fr\/wp-content\/uploads\/2025\/04\/rivedoux-plage-IMG_7991-Personnalise.jpg 1000w, https:\/\/www.campingjard.fr\/wp-content\/uploads\/2025\/04\/rivedoux-plage-IMG_7991-Personnalise-300x200.jpg 300w, https:\/\/www.campingjard.fr\/wp-content\/uploads\/2025\/04\/rivedoux-plage-IMG_7991-Personnalise-768x512.jpg 768w, https:\/\/www.campingjard.fr\/wp-content\/uploads\/2025\/04\/rivedoux-plage-IMG_7991-Personnalise-500x334.jpg 500w, https:\/\/www.campingjard.fr\/wp-content\/uploads\/2025\/04\/rivedoux-plage-IMG_7991-Personnalise-800x534.jpg 800w\" data-sizes=\"auto\" loading=\"eager\">\n\t\t<div class=\"vp-portfolio__item-overlay\">\n\t\t\t\t\t<\/div>\n\n\t\t<\/a>\t<\/div>\n<\/div>\n\n\t\t\t<\/figure>\n\t\t\t\t\t<\/div>\n\t\t\n<\/div>\n\t\t<\/div>\n\t\t\n<\/div>\n<\/div>","protected":false},"excerpt":{"rendered":"<p>Inutile de pr\u00e9senter cette \u00eele qui jouit d\u2019une notori\u00e9t\u00e9 importante. Sa renomm\u00e9e n\u2019est bien entendu pas usurp\u00e9e tant elle poss\u00e8de d\u2019atouts et un charme infini. Les villages sont magnifiques (Saint Martin de R\u00e9, Sainte-Marie-de-R\u00e9\u2026) les roses tr\u00e9mi\u00e8res et les maisons blanches sont les symboles de ce paradis entretenu et pr\u00e9serv\u00e9. Le temps d\u2019une journ\u00e9e en [&hellip;]<\/p>\n","protected":false},"author":1,"featured_media":937,"parent":0,"menu_order":0,"comment_status":"closed","ping_status":"closed","template":"pages-du-site","meta":{"_acf_changed":false,"_seopress_robots_primary_cat":"","_seopress_titles_title":"D\u00e9couvrez l'\u00eele de R\u00e9","_seopress_titles_desc":"Une escale \u00e0 l'\u00eele de R\u00e9 est immanquable si vous passez un s\u00e9jour dans notre camping la Pomme de Pin \u00e0 Jard sur Mer","_seopress_robots_index":"","_vp_format_video_url":"","_vp_image_focal_point":[],"footnotes":""},"class_list":["post-928","page","type-page","status-publish","has-post-thumbnail","hentry"],"acf":[],"_links":{"self":[{"href":"https:\/\/www.campingjard.fr\/en\/wp-json\/wp\/v2\/pages\/928","targetHints":{"allow":["GET"]}}],"collection":[{"href":"https:\/\/www.campingjard.fr\/en\/wp-json\/wp\/v2\/pages"}],"about":[{"href":"https:\/\/www.campingjard.fr\/en\/wp-json\/wp\/v2\/types\/page"}],"author":[{"embeddable":true,"href":"https:\/\/www.campingjard.fr\/en\/wp-json\/wp\/v2\/users\/1"}],"replies":[{"embeddable":true,"href":"https:\/\/www.campingjard.fr\/en\/wp-json\/wp\/v2\/comments?post=928"}],"version-history":[{"count":4,"href":"https:\/\/www.campingjard.fr\/en\/wp-json\/wp\/v2\/pages\/928\/revisions"}],"predecessor-version":[{"id":236465,"href":"https:\/\/www.campingjard.fr\/en\/wp-json\/wp\/v2\/pages\/928\/revisions\/236465"}],"wp:featuredmedia":[{"embeddable":true,"href":"https:\/\/www.campingjard.fr\/en\/wp-json\/wp\/v2\/media\/937"}],"wp:attachment":[{"href":"https:\/\/www.campingjard.fr\/en\/wp-json\/wp\/v2\/media?parent=928"}],"curies":[{"name":"wp","href":"https:\/\/api.w.org\/{rel}","templated":true}]}}