{"id":998,"date":"2025-04-02T15:15:59","date_gmt":"2025-04-02T13:15:59","guid":{"rendered":"https:\/\/www.campingjard.fr\/?page_id=998"},"modified":"2025-04-22T16:55:04","modified_gmt":"2025-04-22T14:55:04","slug":"ogliss-and-ofun-park","status":"publish","type":"page","link":"https:\/\/www.campingjard.fr\/en\/ogliss-et-ofun-park\/","title":{"rendered":"O'Gliss and O'Fun Park"},"content":{"rendered":"<div class=\"wp-block-stackable-columns alignfull stk-block-columns stk-block stk-dbbcf86 stk-block-background stk--has-background-overlay\" data-block-id=\"dbbcf86\"><style>.stk-dbbcf86 .stk--block-align-dbbcf86{align-items:center !important;}.stk-dbbcf86 {background-color:#00000000 !important;background-image:url(https:\/\/www.campingjard.fr\/wp-content\/uploads\/2025\/04\/14_sep_c-2.png) !important;background-position:bottom right !important;background-repeat:no-repeat !important;background-size:20% !important;margin-right:10% !important;margin-left:10% !important;}.stk-dbbcf86:before{background-color:#00000000 !important;opacity:0.5 !important;}.stk-dbbcf86-column{--stk-column-gap:13px !important;}<\/style><div class=\"stk-row stk-inner-blocks stk--block-align-dbbcf86 stk-block-content stk-content-align stk-dbbcf86-column alignwide\">\n<div class=\"wp-block-stackable-column stk-block-column stk-column stk-block stk-45f491d\" data-v=\"4\" data-block-id=\"45f491d\"><div class=\"stk-column-wrapper stk-block-column__content stk-container stk-45f491d-container stk--no-background stk--no-padding\"><div class=\"stk-block-content stk-inner-blocks stk-45f491d-inner-blocks\">\n<div class=\"wp-block-stackable-image stk-block-image stk-block stk-499b70d\" data-block-id=\"499b70d\"><style>.stk-499b70d {border-top-left-radius:31px !important;border-top-right-radius:31px !important;border-bottom-right-radius:0px !important;border-bottom-left-radius:0px !important;overflow:hidden !important;}.stk-499b70d .stk-img-wrapper{width:100% !important;height:426px !important;--stk-gradient-overlay:1 !important;}.stk-499b70d .stk-img-wrapper::after{background-image:linear-gradient(3deg,rgb(2,119,162) 0%,rgba(2,120,163,0) 41%) !important;}@media screen and (max-width: 767px){.stk-499b70d .stk-img-wrapper{height:300px !important;}}<\/style><figure><span class=\"stk-img-wrapper stk-image--shape-stretch\"><img alt=\"o&#039;gliss park\" loading=\"lazy\" decoding=\"async\" class=\"stk-img wp-image-1000\" src=\"https:\/\/www.campingjard.fr\/wp-content\/uploads\/2025\/04\/dlir_space_ogliss_park__DelirSpace.jpg\" width=\"1024\" height=\"576\" srcset=\"https:\/\/www.campingjard.fr\/wp-content\/uploads\/2025\/04\/dlir_space_ogliss_park__DelirSpace.jpg 1024w, https:\/\/www.campingjard.fr\/wp-content\/uploads\/2025\/04\/dlir_space_ogliss_park__DelirSpace-300x169.jpg 300w, https:\/\/www.campingjard.fr\/wp-content\/uploads\/2025\/04\/dlir_space_ogliss_park__DelirSpace-768x432.jpg 768w, https:\/\/www.campingjard.fr\/wp-content\/uploads\/2025\/04\/dlir_space_ogliss_park__DelirSpace-500x281.jpg 500w, https:\/\/www.campingjard.fr\/wp-content\/uploads\/2025\/04\/dlir_space_ogliss_park__DelirSpace-800x450.jpg 800w\" sizes=\"auto, (max-width: 1024px) 100vw, 1024px\" \/><\/span><\/figure><\/div>\n<\/div><\/div><\/div>\n\n\n\n<div class=\"wp-block-stackable-column stk-block-column stk-column stk-block stk-b0cc2fa\" data-v=\"4\" data-block-id=\"b0cc2fa\"><div class=\"stk-column-wrapper stk-block-column__content stk-container stk-b0cc2fa-container stk--no-background stk--no-padding\"><div class=\"stk-block-content stk-inner-blocks stk-b0cc2fa-inner-blocks\">\n<h2 class=\"wp-block-heading has-large-font-size\" data-block-type=\"core\"><strong>O'Gliss Park<\/strong><\/h2>\n\n\n\n<div class=\"wp-block-stackable-text stk-block-text stk-block stk-e68f62e\" data-block-id=\"e68f62e\"><style>.stk-e68f62e .stk-block-text__text{font-size:16px !important;}@media screen and (max-width: 1023px){.stk-e68f62e .stk-block-text__text{font-size:16px !important;}}<\/style><p class=\"stk-block-text__text translation-block\">It's one of Europe's largest water parks, covering 6 hectares, and promises a complete change of scenery. <br><br>When you enter O'Gliss Park, you'll be transported to the Mediterranean coast, with lush vegetation and water at tropical temperatures. All the ingredients are there for even more thrills and fun for young and old alike.<br><br>O'Gliss Park is open from late June to early September. It is located 17 km from the Pomme de Pin campsite.<br><br>For more information, visit: <a href=\"http:\/\/www.oglisspark.fr\" target=\"_blank\" rel=\"noreferrer noopener\">www.oglisspark.fr<\/a><\/p><\/div>\n<\/div><\/div><\/div>\n<\/div><\/div>\n\n\n\n<div class=\"wp-block-stackable-columns alignfull stk-block-columns stk-block stk-18a9558 stk-block-background\" data-block-id=\"18a9558\"><style>.stk-18a9558 .stk--block-align-18a9558{align-items:center !important;}.stk-18a9558 {background-color:#00000000 !important;background-position:bottom right !important;background-repeat:no-repeat !important;background-size:20% !important;margin-right:10% !important;margin-left:10% !important;}.stk-18a9558:before{background-color:#00000000 !important;}.stk-18a9558-column{--stk-column-gap:13px !important;}@media screen and (max-width: 767px){.stk-18a9558 {--stk-col-order-1:2 !important;--stk-col-order-2:1 !important;}}<\/style><div class=\"stk-row stk-inner-blocks stk--block-align-18a9558 stk-block-content stk-content-align stk-18a9558-column alignwide\">\n<div class=\"wp-block-stackable-column stk-block-column stk-column stk-block stk-c04e041\" data-v=\"4\" data-block-id=\"c04e041\"><div class=\"stk-column-wrapper stk-block-column__content stk-container stk-c04e041-container stk--no-background stk--no-padding\"><div class=\"stk-block-content stk-inner-blocks stk-c04e041-inner-blocks\">\n<h2 class=\"wp-block-heading has-large-font-size\" data-block-type=\"core\"><strong>O'Fun Park<\/strong><\/h2>\n\n\n\n<div class=\"wp-block-stackable-text stk-block-text stk-block stk-ea8391a\" data-block-id=\"ea8391a\"><style>.stk-ea8391a .stk-block-text__text{font-size:16px !important;}@media screen and (max-width: 1023px){.stk-ea8391a .stk-block-text__text{font-size:16px !important;}}<\/style><p class=\"stk-block-text__text translation-block\">France's largest adventure park, just 15 minutes from La Pomme de Pin campsite. <br><br>O'Fun Park welcomes you from April to September right in the heart of the forest, and is an unforgettable place to visit with your family or friends. <br><br>A theme park to push your limits: waterjump, accrobranche, duel arena, zip line, paintball and games for children. <br><br>For more information, visit: <a href=\"http:\/\/www.indian-forest-atlantique.com\" target=\"_blank\" rel=\"noreferrer noopener\">www.indian-forest-atlantique.com<\/a><\/p><\/div>\n<\/div><\/div><\/div>\n\n\n\n<div class=\"wp-block-stackable-column stk-block-column stk-column stk-block stk-659da20\" data-v=\"4\" data-block-id=\"659da20\"><div class=\"stk-column-wrapper stk-block-column__content stk-container stk-659da20-container stk--no-background stk--no-padding\"><div class=\"stk-block-content stk-inner-blocks stk-659da20-inner-blocks\">\n<div class=\"wp-block-stackable-image stk-block-image stk-block stk-74aa2a8\" data-block-id=\"74aa2a8\"><style>.stk-74aa2a8 {border-top-left-radius:31px !important;border-top-right-radius:31px !important;border-bottom-right-radius:0px !important;border-bottom-left-radius:0px !important;overflow:hidden !important;}.stk-74aa2a8 .stk-img-wrapper{width:100% !important;height:426px !important;--stk-gradient-overlay:1 !important;}.stk-74aa2a8 .stk-img-wrapper::after{background-image:linear-gradient(3deg,rgb(2,119,162) 0%,rgba(2,120,163,0) 41%) !important;}@media screen and (max-width: 767px){.stk-74aa2a8 .stk-img-wrapper{height:300px !important;}}<\/style><figure><span class=\"stk-img-wrapper stk-image--shape-stretch\"><img alt=\"o&#039;fun park\" loading=\"lazy\" decoding=\"async\" class=\"stk-img wp-image-1001\" src=\"https:\/\/www.campingjard.fr\/wp-content\/uploads\/2025\/04\/indian-forest-duelarena-2.jpg\" width=\"1024\" height=\"685\" srcset=\"https:\/\/www.campingjard.fr\/wp-content\/uploads\/2025\/04\/indian-forest-duelarena-2.jpg 1024w, https:\/\/www.campingjard.fr\/wp-content\/uploads\/2025\/04\/indian-forest-duelarena-2-300x201.jpg 300w, https:\/\/www.campingjard.fr\/wp-content\/uploads\/2025\/04\/indian-forest-duelarena-2-768x514.jpg 768w, https:\/\/www.campingjard.fr\/wp-content\/uploads\/2025\/04\/indian-forest-duelarena-2-500x334.jpg 500w, https:\/\/www.campingjard.fr\/wp-content\/uploads\/2025\/04\/indian-forest-duelarena-2-800x535.jpg 800w\" sizes=\"auto, (max-width: 1024px) 100vw, 1024px\" \/><\/span><\/figure><\/div>\n<\/div><\/div><\/div>\n<\/div><\/div>\n\n\n<div class=\"wp-block-visual-portfolio alignfull\">\n<div class=\"vp-portfolio vp-uid-4aad5dd2 vp-id-gtWqf\"\n\tdata-vp-layout=\"tiles\" data-vp-content-source=\"images\" data-vp-items-style=\"default\" data-vp-items-click-action=\"popup_gallery\" data-vp-items-gap=\"15\" data-vp-items-gap-vertical=\"\" data-vp-pagination=\"load-more\" data-vp-next-page-url=\"\" data-vp-tiles-type=\"4|1,1|\" >\n\t<div class=\"vp-portfolio__preloader-wrap\">\n\t\t<div class=\"vp-portfolio__preloader\">\n\t\t\t<img decoding=\"async\" loading=\"eager\" src=\"https:\/\/www.campingjard.fr\/wp-content\/plugins\/visual-portfolio\/assets\/images\/logo-dark.svg\" alt=\"Visual Portfolio, Posts &amp; Image Gallery for WordPress\" width=\"20\" height=\"20\" data-skip-lazy>\n\t\t<\/div>\n\t<\/div>\n\t\t<div class=\"vp-portfolio__items-wrap\">\n\t\t\t\n<div class=\"vp-portfolio__items vp-portfolio__items-style-default vp-portfolio__items-show-overlay-hover\">\n\n\t\t<div\t\tclass=\"vp-portfolio__item-wrap vp-portfolio__item-uid-4dc17adf\" data-vp-filter=\"\" \t\t>\n\t\t\t<template class=\"vp-portfolio__item-popup\" style=\"display: none\" data-vp-popup-img=\"https:\/\/www.campingjard.fr\/wp-content\/uploads\/2025\/04\/1008x646_ogliss-park-moutiers-mauxfaits-vendee.jpg\" data-vp-popup-img-srcset=\"https:\/\/www.campingjard.fr\/wp-content\/uploads\/2025\/04\/1008x646_ogliss-park-moutiers-mauxfaits-vendee.jpg 1024w, https:\/\/www.campingjard.fr\/wp-content\/uploads\/2025\/04\/1008x646_ogliss-park-moutiers-mauxfaits-vendee-300x192.jpg 300w, https:\/\/www.campingjard.fr\/wp-content\/uploads\/2025\/04\/1008x646_ogliss-park-moutiers-mauxfaits-vendee-768x492.jpg 768w, https:\/\/www.campingjard.fr\/wp-content\/uploads\/2025\/04\/1008x646_ogliss-park-moutiers-mauxfaits-vendee-500x320.jpg 500w, https:\/\/www.campingjard.fr\/wp-content\/uploads\/2025\/04\/1008x646_ogliss-park-moutiers-mauxfaits-vendee-800x513.jpg 800w\" data-vp-popup-img-size=\"1024x656\" data-vp-popup-md-img=\"https:\/\/www.campingjard.fr\/wp-content\/uploads\/2025\/04\/1008x646_ogliss-park-moutiers-mauxfaits-vendee-800x513.jpg\" data-vp-popup-md-img-size=\"800x513\" data-vp-popup-sm-img=\"https:\/\/www.campingjard.fr\/wp-content\/uploads\/2025\/04\/1008x646_ogliss-park-moutiers-mauxfaits-vendee-500x320.jpg\" data-vp-popup-sm-img-size=\"500x320\">\n\t<\/template>\n\t\t\t\t\t\t<figure class=\"vp-portfolio__item\">\n\t\t\t\t\n<div class=\"vp-portfolio__item-img-wrap\">\n\t<div class=\"vp-portfolio__item-img\">\n\t\t\t<a\n\t\thref=\"https:\/\/www.campingjard.fr\/wp-content\/uploads\/2025\/04\/1008x646_ogliss-park-moutiers-mauxfaits-vendee.jpg\"\n\t\taria-label=\"Open image\" \t>\n\t\n\t\t<noscript><img loading=\"lazy\" decoding=\"async\" width=\"1024\" height=\"656\" data-skip-lazy src=\"https:\/\/www.campingjard.fr\/wp-content\/uploads\/2025\/04\/1008x646_ogliss-park-moutiers-mauxfaits-vendee.jpg\" class=\"wp-image-1002\" alt=\"o&#039;gliss park\" srcset=\"https:\/\/www.campingjard.fr\/wp-content\/uploads\/2025\/04\/1008x646_ogliss-park-moutiers-mauxfaits-vendee.jpg 1024w, https:\/\/www.campingjard.fr\/wp-content\/uploads\/2025\/04\/1008x646_ogliss-park-moutiers-mauxfaits-vendee-300x192.jpg 300w, https:\/\/www.campingjard.fr\/wp-content\/uploads\/2025\/04\/1008x646_ogliss-park-moutiers-mauxfaits-vendee-768x492.jpg 768w, https:\/\/www.campingjard.fr\/wp-content\/uploads\/2025\/04\/1008x646_ogliss-park-moutiers-mauxfaits-vendee-500x320.jpg 500w, https:\/\/www.campingjard.fr\/wp-content\/uploads\/2025\/04\/1008x646_ogliss-park-moutiers-mauxfaits-vendee-800x513.jpg 800w\" sizes=\"auto, (max-width: 1024px) 100vw, 1024px\" \/><\/noscript><img fetchpriority=\"high\" decoding=\"async\" width=\"1024\" height=\"656\" src=\"https:\/\/www.campingjard.fr\/wp-content\/uploads\/2025\/04\/1008x646_ogliss-park-moutiers-mauxfaits-vendee.jpg\" class=\"wp-image-1002 vp-lazyload\" alt=\"o&#039;gliss park\" srcset=\"data:image\/svg+xml;base64,PHN2ZyB3aWR0aD0iMTAyNCIgaGVpZ2h0PSI2NTYiIHZpZXdCb3g9IjAgMCAxMDI0IDY1NiIgZmlsbD0ibm9uZSIgeG1sbnM9Imh0dHA6Ly93d3cudzMub3JnLzIwMDAvc3ZnIj48L3N2Zz4=\" data-src=\"https:\/\/www.campingjard.fr\/wp-content\/uploads\/2025\/04\/1008x646_ogliss-park-moutiers-mauxfaits-vendee.jpg\" data-srcset=\"https:\/\/www.campingjard.fr\/wp-content\/uploads\/2025\/04\/1008x646_ogliss-park-moutiers-mauxfaits-vendee.jpg 1024w, https:\/\/www.campingjard.fr\/wp-content\/uploads\/2025\/04\/1008x646_ogliss-park-moutiers-mauxfaits-vendee-300x192.jpg 300w, https:\/\/www.campingjard.fr\/wp-content\/uploads\/2025\/04\/1008x646_ogliss-park-moutiers-mauxfaits-vendee-768x492.jpg 768w, https:\/\/www.campingjard.fr\/wp-content\/uploads\/2025\/04\/1008x646_ogliss-park-moutiers-mauxfaits-vendee-500x320.jpg 500w, https:\/\/www.campingjard.fr\/wp-content\/uploads\/2025\/04\/1008x646_ogliss-park-moutiers-mauxfaits-vendee-800x513.jpg 800w\" data-sizes=\"auto\" loading=\"eager\">\n\t\t<div class=\"vp-portfolio__item-overlay\">\n\t\t\t\t\t<\/div>\n\n\t\t<\/a>\t<\/div>\n<\/div>\n\n\t\t\t<\/figure>\n\t\t\t\t\t<\/div>\n\t\t\n\t\t<div\t\tclass=\"vp-portfolio__item-wrap vp-portfolio__item-uid-07a663f9\" data-vp-filter=\"\" \t\t>\n\t\t\t<template class=\"vp-portfolio__item-popup\" style=\"display: none\" data-vp-popup-img=\"https:\/\/www.campingjard.fr\/wp-content\/uploads\/2025\/04\/exploralo_ogliss_park.jpg\" data-vp-popup-img-srcset=\"https:\/\/www.campingjard.fr\/wp-content\/uploads\/2025\/04\/exploralo_ogliss_park.jpg 1024w, https:\/\/www.campingjard.fr\/wp-content\/uploads\/2025\/04\/exploralo_ogliss_park-300x169.jpg 300w, https:\/\/www.campingjard.fr\/wp-content\/uploads\/2025\/04\/exploralo_ogliss_park-768x432.jpg 768w, https:\/\/www.campingjard.fr\/wp-content\/uploads\/2025\/04\/exploralo_ogliss_park-500x281.jpg 500w, https:\/\/www.campingjard.fr\/wp-content\/uploads\/2025\/04\/exploralo_ogliss_park-800x450.jpg 800w\" data-vp-popup-img-size=\"1024x576\" data-vp-popup-md-img=\"https:\/\/www.campingjard.fr\/wp-content\/uploads\/2025\/04\/exploralo_ogliss_park-800x450.jpg\" data-vp-popup-md-img-size=\"800x450\" data-vp-popup-sm-img=\"https:\/\/www.campingjard.fr\/wp-content\/uploads\/2025\/04\/exploralo_ogliss_park-500x281.jpg\" data-vp-popup-sm-img-size=\"500x281\">\n\t<\/template>\n\t\t\t\t\t\t<figure class=\"vp-portfolio__item\">\n\t\t\t\t\n<div class=\"vp-portfolio__item-img-wrap\">\n\t<div class=\"vp-portfolio__item-img\">\n\t\t\t<a\n\t\thref=\"https:\/\/www.campingjard.fr\/wp-content\/uploads\/2025\/04\/exploralo_ogliss_park.jpg\"\n\t\taria-label=\"Open image\" \t>\n\t\n\t\t<noscript><img loading=\"lazy\" decoding=\"async\" width=\"1024\" height=\"576\" data-skip-lazy src=\"https:\/\/www.campingjard.fr\/wp-content\/uploads\/2025\/04\/exploralo_ogliss_park.jpg\" class=\"wp-image-1003\" alt=\"o&#039;gliss park\" srcset=\"https:\/\/www.campingjard.fr\/wp-content\/uploads\/2025\/04\/exploralo_ogliss_park.jpg 1024w, https:\/\/www.campingjard.fr\/wp-content\/uploads\/2025\/04\/exploralo_ogliss_park-300x169.jpg 300w, https:\/\/www.campingjard.fr\/wp-content\/uploads\/2025\/04\/exploralo_ogliss_park-768x432.jpg 768w, https:\/\/www.campingjard.fr\/wp-content\/uploads\/2025\/04\/exploralo_ogliss_park-500x281.jpg 500w, https:\/\/www.campingjard.fr\/wp-content\/uploads\/2025\/04\/exploralo_ogliss_park-800x450.jpg 800w\" sizes=\"auto, (max-width: 1024px) 100vw, 1024px\" \/><\/noscript><img decoding=\"async\" width=\"1024\" height=\"576\" src=\"https:\/\/www.campingjard.fr\/wp-content\/uploads\/2025\/04\/exploralo_ogliss_park.jpg\" class=\"wp-image-1003 vp-lazyload\" alt=\"o&#039;gliss park\" srcset=\"data:image\/svg+xml;base64,PHN2ZyB3aWR0aD0iMTAyNCIgaGVpZ2h0PSI1NzYiIHZpZXdCb3g9IjAgMCAxMDI0IDU3NiIgZmlsbD0ibm9uZSIgeG1sbnM9Imh0dHA6Ly93d3cudzMub3JnLzIwMDAvc3ZnIj48L3N2Zz4=\" data-src=\"https:\/\/www.campingjard.fr\/wp-content\/uploads\/2025\/04\/exploralo_ogliss_park.jpg\" data-srcset=\"https:\/\/www.campingjard.fr\/wp-content\/uploads\/2025\/04\/exploralo_ogliss_park.jpg 1024w, https:\/\/www.campingjard.fr\/wp-content\/uploads\/2025\/04\/exploralo_ogliss_park-300x169.jpg 300w, https:\/\/www.campingjard.fr\/wp-content\/uploads\/2025\/04\/exploralo_ogliss_park-768x432.jpg 768w, https:\/\/www.campingjard.fr\/wp-content\/uploads\/2025\/04\/exploralo_ogliss_park-500x281.jpg 500w, https:\/\/www.campingjard.fr\/wp-content\/uploads\/2025\/04\/exploralo_ogliss_park-800x450.jpg 800w\" data-sizes=\"auto\" loading=\"eager\">\n\t\t<div class=\"vp-portfolio__item-overlay\">\n\t\t\t\t\t<\/div>\n\n\t\t<\/a>\t<\/div>\n<\/div>\n\n\t\t\t<\/figure>\n\t\t\t\t\t<\/div>\n\t\t\n\t\t<div\t\tclass=\"vp-portfolio__item-wrap vp-portfolio__item-uid-de628c8a\" data-vp-filter=\"\" \t\t>\n\t\t\t<template class=\"vp-portfolio__item-popup\" style=\"display: none\" data-vp-popup-img=\"https:\/\/www.campingjard.fr\/wp-content\/uploads\/2025\/04\/Indian-forest-paint-ball-1.jpg\" data-vp-popup-img-srcset=\"https:\/\/www.campingjard.fr\/wp-content\/uploads\/2025\/04\/Indian-forest-paint-ball-1.jpg 1024w, https:\/\/www.campingjard.fr\/wp-content\/uploads\/2025\/04\/Indian-forest-paint-ball-1-300x217.jpg 300w, https:\/\/www.campingjard.fr\/wp-content\/uploads\/2025\/04\/Indian-forest-paint-ball-1-768x555.jpg 768w, https:\/\/www.campingjard.fr\/wp-content\/uploads\/2025\/04\/Indian-forest-paint-ball-1-500x361.jpg 500w, https:\/\/www.campingjard.fr\/wp-content\/uploads\/2025\/04\/Indian-forest-paint-ball-1-800x578.jpg 800w\" data-vp-popup-img-size=\"1024x740\" data-vp-popup-md-img=\"https:\/\/www.campingjard.fr\/wp-content\/uploads\/2025\/04\/Indian-forest-paint-ball-1-800x578.jpg\" data-vp-popup-md-img-size=\"800x578\" data-vp-popup-sm-img=\"https:\/\/www.campingjard.fr\/wp-content\/uploads\/2025\/04\/Indian-forest-paint-ball-1-500x361.jpg\" data-vp-popup-sm-img-size=\"500x361\">\n\t<\/template>\n\t\t\t\t\t\t<figure class=\"vp-portfolio__item\">\n\t\t\t\t\n<div class=\"vp-portfolio__item-img-wrap\">\n\t<div class=\"vp-portfolio__item-img\">\n\t\t\t<a\n\t\thref=\"https:\/\/www.campingjard.fr\/wp-content\/uploads\/2025\/04\/Indian-forest-paint-ball-1.jpg\"\n\t\taria-label=\"Open image\" \t>\n\t\n\t\t<noscript><img loading=\"lazy\" decoding=\"async\" width=\"1024\" height=\"740\" data-skip-lazy src=\"https:\/\/www.campingjard.fr\/wp-content\/uploads\/2025\/04\/Indian-forest-paint-ball-1.jpg\" class=\"wp-image-1004\" alt=\"o&#039;fun park\" srcset=\"https:\/\/www.campingjard.fr\/wp-content\/uploads\/2025\/04\/Indian-forest-paint-ball-1.jpg 1024w, https:\/\/www.campingjard.fr\/wp-content\/uploads\/2025\/04\/Indian-forest-paint-ball-1-300x217.jpg 300w, https:\/\/www.campingjard.fr\/wp-content\/uploads\/2025\/04\/Indian-forest-paint-ball-1-768x555.jpg 768w, https:\/\/www.campingjard.fr\/wp-content\/uploads\/2025\/04\/Indian-forest-paint-ball-1-500x361.jpg 500w, https:\/\/www.campingjard.fr\/wp-content\/uploads\/2025\/04\/Indian-forest-paint-ball-1-800x578.jpg 800w\" sizes=\"auto, (max-width: 1024px) 100vw, 1024px\" \/><\/noscript><img decoding=\"async\" width=\"1024\" height=\"740\" src=\"https:\/\/www.campingjard.fr\/wp-content\/uploads\/2025\/04\/Indian-forest-paint-ball-1.jpg\" class=\"wp-image-1004 vp-lazyload\" alt=\"o&#039;fun park\" srcset=\"data:image\/svg+xml;base64,PHN2ZyB3aWR0aD0iMTAyNCIgaGVpZ2h0PSI3NDAiIHZpZXdCb3g9IjAgMCAxMDI0IDc0MCIgZmlsbD0ibm9uZSIgeG1sbnM9Imh0dHA6Ly93d3cudzMub3JnLzIwMDAvc3ZnIj48L3N2Zz4=\" data-src=\"https:\/\/www.campingjard.fr\/wp-content\/uploads\/2025\/04\/Indian-forest-paint-ball-1.jpg\" data-srcset=\"https:\/\/www.campingjard.fr\/wp-content\/uploads\/2025\/04\/Indian-forest-paint-ball-1.jpg 1024w, https:\/\/www.campingjard.fr\/wp-content\/uploads\/2025\/04\/Indian-forest-paint-ball-1-300x217.jpg 300w, https:\/\/www.campingjard.fr\/wp-content\/uploads\/2025\/04\/Indian-forest-paint-ball-1-768x555.jpg 768w, https:\/\/www.campingjard.fr\/wp-content\/uploads\/2025\/04\/Indian-forest-paint-ball-1-500x361.jpg 500w, https:\/\/www.campingjard.fr\/wp-content\/uploads\/2025\/04\/Indian-forest-paint-ball-1-800x578.jpg 800w\" data-sizes=\"auto\" loading=\"eager\">\n\t\t<div class=\"vp-portfolio__item-overlay\">\n\t\t\t\t\t<\/div>\n\n\t\t<\/a>\t<\/div>\n<\/div>\n\n\t\t\t<\/figure>\n\t\t\t\t\t<\/div>\n\t\t\n\t\t<div\t\tclass=\"vp-portfolio__item-wrap vp-portfolio__item-uid-940595ac\" data-vp-filter=\"\" \t\t>\n\t\t\t<template class=\"vp-portfolio__item-popup\" style=\"display: none\" data-vp-popup-img=\"https:\/\/www.campingjard.fr\/wp-content\/uploads\/2025\/04\/Indian-forest-water-jump-3.jpg\" data-vp-popup-img-srcset=\"https:\/\/www.campingjard.fr\/wp-content\/uploads\/2025\/04\/Indian-forest-water-jump-3.jpg 1024w, https:\/\/www.campingjard.fr\/wp-content\/uploads\/2025\/04\/Indian-forest-water-jump-3-300x200.jpg 300w, https:\/\/www.campingjard.fr\/wp-content\/uploads\/2025\/04\/Indian-forest-water-jump-3-768x512.jpg 768w, https:\/\/www.campingjard.fr\/wp-content\/uploads\/2025\/04\/Indian-forest-water-jump-3-500x333.jpg 500w, https:\/\/www.campingjard.fr\/wp-content\/uploads\/2025\/04\/Indian-forest-water-jump-3-800x533.jpg 800w\" data-vp-popup-img-size=\"1024x682\" data-vp-popup-md-img=\"https:\/\/www.campingjard.fr\/wp-content\/uploads\/2025\/04\/Indian-forest-water-jump-3-800x533.jpg\" data-vp-popup-md-img-size=\"800x533\" data-vp-popup-sm-img=\"https:\/\/www.campingjard.fr\/wp-content\/uploads\/2025\/04\/Indian-forest-water-jump-3-500x333.jpg\" data-vp-popup-sm-img-size=\"500x333\">\n\t<\/template>\n\t\t\t\t\t\t<figure class=\"vp-portfolio__item\">\n\t\t\t\t\n<div class=\"vp-portfolio__item-img-wrap\">\n\t<div class=\"vp-portfolio__item-img\">\n\t\t\t<a\n\t\thref=\"https:\/\/www.campingjard.fr\/wp-content\/uploads\/2025\/04\/Indian-forest-water-jump-3.jpg\"\n\t\taria-label=\"Open image\" \t>\n\t\n\t\t<noscript><img loading=\"lazy\" decoding=\"async\" width=\"1024\" height=\"682\" data-skip-lazy src=\"https:\/\/www.campingjard.fr\/wp-content\/uploads\/2025\/04\/Indian-forest-water-jump-3.jpg\" class=\"wp-image-1005\" alt=\"o&#039;fun park\" srcset=\"https:\/\/www.campingjard.fr\/wp-content\/uploads\/2025\/04\/Indian-forest-water-jump-3.jpg 1024w, https:\/\/www.campingjard.fr\/wp-content\/uploads\/2025\/04\/Indian-forest-water-jump-3-300x200.jpg 300w, https:\/\/www.campingjard.fr\/wp-content\/uploads\/2025\/04\/Indian-forest-water-jump-3-768x512.jpg 768w, https:\/\/www.campingjard.fr\/wp-content\/uploads\/2025\/04\/Indian-forest-water-jump-3-500x333.jpg 500w, https:\/\/www.campingjard.fr\/wp-content\/uploads\/2025\/04\/Indian-forest-water-jump-3-800x533.jpg 800w\" sizes=\"auto, (max-width: 1024px) 100vw, 1024px\" \/><\/noscript><img decoding=\"async\" width=\"1024\" height=\"682\" src=\"https:\/\/www.campingjard.fr\/wp-content\/uploads\/2025\/04\/Indian-forest-water-jump-3.jpg\" class=\"wp-image-1005 vp-lazyload\" alt=\"o&#039;fun park\" srcset=\"data:image\/svg+xml;base64,PHN2ZyB3aWR0aD0iMTAyNCIgaGVpZ2h0PSI2ODIiIHZpZXdCb3g9IjAgMCAxMDI0IDY4MiIgZmlsbD0ibm9uZSIgeG1sbnM9Imh0dHA6Ly93d3cudzMub3JnLzIwMDAvc3ZnIj48L3N2Zz4=\" data-src=\"https:\/\/www.campingjard.fr\/wp-content\/uploads\/2025\/04\/Indian-forest-water-jump-3.jpg\" data-srcset=\"https:\/\/www.campingjard.fr\/wp-content\/uploads\/2025\/04\/Indian-forest-water-jump-3.jpg 1024w, https:\/\/www.campingjard.fr\/wp-content\/uploads\/2025\/04\/Indian-forest-water-jump-3-300x200.jpg 300w, https:\/\/www.campingjard.fr\/wp-content\/uploads\/2025\/04\/Indian-forest-water-jump-3-768x512.jpg 768w, https:\/\/www.campingjard.fr\/wp-content\/uploads\/2025\/04\/Indian-forest-water-jump-3-500x333.jpg 500w, https:\/\/www.campingjard.fr\/wp-content\/uploads\/2025\/04\/Indian-forest-water-jump-3-800x533.jpg 800w\" data-sizes=\"auto\" loading=\"eager\">\n\t\t<div class=\"vp-portfolio__item-overlay\">\n\t\t\t\t\t<\/div>\n\n\t\t<\/a>\t<\/div>\n<\/div>\n\n\t\t\t<\/figure>\n\t\t\t\t\t<\/div>\n\t\t\n<\/div>\n\t\t<\/div>\n\t\t\n<\/div>\n<\/div>","protected":false},"excerpt":{"rendered":"<p>O\u2019Gliss Park C\u2019est l\u2019un des plus grands parcs aquatiques d\u2019Europe de 6 hectares et vous promet le d\u00e9paysement le plus total. En entrant dans O\u2019Gliss Park, vous \u00eates transport\u00e9 sur les C\u00f4tes M\u00e9diterran\u00e9ennes, v\u00e9g\u00e9tation luxuriante, eau \u00e0 la temp\u00e9rature tropicale, tous les ingr\u00e9dients sont l\u00e0 pour toujours plus de sensations et d\u2019amusement pour petits et [&hellip;]<\/p>\n","protected":false},"author":1,"featured_media":1006,"parent":0,"menu_order":0,"comment_status":"closed","ping_status":"closed","template":"pages-du-site","meta":{"_acf_changed":false,"_seopress_robots_primary_cat":"","_seopress_titles_title":"Passez une journ\u00e9e \u00e0 O'Gliss ou O'Fun park","_seopress_titles_desc":"Pendant votre s\u00e9jour en Vend\u00e9e, passez une journ\u00e9e \u00e0 O'Gliss park ou \u00e0 O'Fun park pour ravir petits et grands","_seopress_robots_index":"","_vp_format_video_url":"","_vp_image_focal_point":[],"footnotes":""},"class_list":["post-998","page","type-page","status-publish","has-post-thumbnail","hentry"],"acf":[],"_links":{"self":[{"href":"https:\/\/www.campingjard.fr\/en\/wp-json\/wp\/v2\/pages\/998","targetHints":{"allow":["GET"]}}],"collection":[{"href":"https:\/\/www.campingjard.fr\/en\/wp-json\/wp\/v2\/pages"}],"about":[{"href":"https:\/\/www.campingjard.fr\/en\/wp-json\/wp\/v2\/types\/page"}],"author":[{"embeddable":true,"href":"https:\/\/www.campingjard.fr\/en\/wp-json\/wp\/v2\/users\/1"}],"replies":[{"embeddable":true,"href":"https:\/\/www.campingjard.fr\/en\/wp-json\/wp\/v2\/comments?post=998"}],"version-history":[{"count":4,"href":"https:\/\/www.campingjard.fr\/en\/wp-json\/wp\/v2\/pages\/998\/revisions"}],"predecessor-version":[{"id":236522,"href":"https:\/\/www.campingjard.fr\/en\/wp-json\/wp\/v2\/pages\/998\/revisions\/236522"}],"wp:featuredmedia":[{"embeddable":true,"href":"https:\/\/www.campingjard.fr\/en\/wp-json\/wp\/v2\/media\/1006"}],"wp:attachment":[{"href":"https:\/\/www.campingjard.fr\/en\/wp-json\/wp\/v2\/media?parent=998"}],"curies":[{"name":"wp","href":"https:\/\/api.w.org\/{rel}","templated":true}]}}